{"id":54,"date":"2017-09-20T09:19:08","date_gmt":"2017-09-20T09:19:08","guid":{"rendered":"http:\/\/centroalpe.es\/?page_id=54"},"modified":"2026-03-04T17:07:58","modified_gmt":"2026-03-04T16:07:58","slug":"home-1-2","status":"publish","type":"page","link":"https:\/\/centroalpe.es\/va\/","title":{"rendered":"Inicio"},"content":{"rendered":"<div class=\"vc_row wpb_row vc_row-fluid\"><div class=\"wpb_column vc_column_container vc_col-sm-12\"><div class=\"vc_column-inner\"><div class=\"wpb_wrapper\"><div class=\"wpb_layerslider_element wpb_content_element\"><div id=\"layerslider_3_uqrais7wafih\"  class=\"ls-wp-container fitvidsignore ls-selectable\" style=\"width:1280px;height:700px;margin:0 auto;margin-bottom: 0px;\"><div class=\"ls-slide\" data-ls=\"duration:10000;transition2d:5;\"><img loading=\"lazy\" decoding=\"async\" width=\"1900\" height=\"1200\" src=\"https:\/\/centroalpe.es\/wp-content\/uploads\/2019\/07\/centro-alpe-web-slider-4.jpg\" class=\"ls-bg\" alt=\"\" srcset=\"https:\/\/centroalpe.es\/wp-content\/uploads\/2019\/07\/centro-alpe-web-slider-4.jpg 1900w, https:\/\/centroalpe.es\/wp-content\/uploads\/2019\/07\/centro-alpe-web-slider-4-300x189.jpg 300w, https:\/\/centroalpe.es\/wp-content\/uploads\/2019\/07\/centro-alpe-web-slider-4-768x485.jpg 768w, https:\/\/centroalpe.es\/wp-content\/uploads\/2019\/07\/centro-alpe-web-slider-4-1024x647.jpg 1024w, https:\/\/centroalpe.es\/wp-content\/uploads\/2019\/07\/centro-alpe-web-slider-4-410x260.jpg 410w\" sizes=\"auto, (max-width: 1900px) 100vw, 1900px\" \/><a style=\"\" class=\"ls-l ls-hide-desktop ls-hide-tablet\" href=\"#\" target=\"_self\" data-ls=\"showinfo:1;offsetyin:bottom;durationin:1700;delayin:400;easingin:easeInCubic;hover:true;hoverdurationin:100;hovereasingin:easeInOutQuint;hoveropacity:0.8;position:relative;\"><p style=\"top:366px;left:50%;text-align:center;font-weight:700;color:#222222;width:760px;font-family:roboto;height:20px;padding-top:25px;padding-bottom:25px;font-size:40px;line-height:20px;background-color:#fdc800;\" class=\"ls-text-layer\">CENTRO DE EDUCACI\u00d3N ESPECIAL<\/p><\/a><a style=\"\" class=\"ls-l\" href=\"http:\/\/centroalpe.es\/centro-ocupacional\/\" target=\"_self\" data-ls=\"showinfo:1;offsetyin:bottom;durationin:1700;delayin:400;easingin:easeInCubic;hover:true;hoverdurationin:100;hovereasingin:easeInOutQuint;hoveropacity:0.8;position:relative;\" aria-label=\"Centro\"><p style=\"top:452px;left:260px;text-align:center;font-weight:700;color:#222222;width:760px;font-family:roboto;height:20px;padding-top:25px;padding-bottom:25px;font-size:40px;line-height:20px;background-color:#fdc800;\" class=\"ls-text-layer\">CENTRO OCUPACIONAL<\/p><\/a><a style=\"\" class=\"ls-l\" href=\"http:\/\/centroalpe.es\/centro-educacion-especial\/\" target=\"_self\" data-ls=\"showinfo:1;offsetyin:bottom;durationin:1700;delayin:400;easingin:easeInCubic;hover:true;hoverdurationin:100;hovereasingin:easeInOutQuint;hoveropacity:0.8;position:relative;\" aria-label=\"Colegio\"><p style=\"top:361px;left:260px;text-align:center;font-weight:700;color:#222222;width:760px;font-family:roboto;height:20px;padding-top:25px;padding-bottom:25px;font-size:40px;line-height:20px;background-color:#fdc800;\" class=\"ls-text-layer\">COLEGIO EDUCACI\u00d3N ESPECIAL<\/p><\/a><h6 style=\"top:168px;left:286px;text-align:center;font-weight:700;color:#ffffff;font-family:Roboto;font-size:55px;line-height:55px;\" class=\"ls-l ls-text-layer\" data-ls=\"showinfo:1;offsetyin:top;durationin:1700;easingin:easeInCubic;position:relative;\">Asociaci\u00f3n Comarcal para la <br>\nRehabilitaci\u00f3n de las <br>\nPersonas con Discapacidad<\/h6><\/div><\/div><\/div><\/div><\/div><\/div><\/div><div class=\"vc_row wpb_row vc_row-fluid inside-slider\"><div class=\"wpb_column vc_column_container vc_col-sm-12\"><div class=\"vc_column-inner\"><div class=\"wpb_wrapper\"><div class=\"vc_row wpb_row vc_inner vc_row-fluid\"><div class=\"wpb_column vc_column_container vc_col-sm-4\"><div class=\"vc_column-inner vc_custom_1509108645328\"><div class=\"wpb_wrapper\"><div class=\"media rt-info-box  layout5\" style=\"\">\r\n    <div class=\"rtin-icon rounded\" style=\"\">\r\n                    <i class=\"\" aria-hidden=\"true\" style=\"\"><\/i>\r\n            <\/div>\r\n    <div class=\"media-body\">\r\n        <h3 class=\"media-heading\" style=\"\"><a href=\"http:\/\/centroalpe.es\/como-asociarse\/\">\u00bfC\u00f3mo asociarse?<\/a><\/h3>\r\n                    <p class=\"mb0\" style=\"\">Rellene el impreso para ser socio.<br \/>\nPara rellenar el impreso, haga clic <strong><span style=\"color: #ffcc00\"><a style=\"color: #ffcc00\" href=\"https:\/\/centroalpe.es\/wp-content\/uploads\/2025\/04\/centro-alpe-impreso-socios-domiciliacion-.pdf\">aqu\u00ed<\/a><\/span><\/strong>.<\/p>\r\n            <\/div>\r\n    <div class=\"clear\"><\/div>\r\n<\/div><\/div><\/div><\/div><div class=\"wpb_column vc_column_container vc_col-sm-4\"><div class=\"vc_column-inner vc_custom_1509110039881\"><div class=\"wpb_wrapper\"><div class=\"media rt-info-box vc_custom_1562077574864 layout5\" style=\"\">\r\n    <div class=\"rtin-icon rounded\" style=\"\">\r\n                    <i class=\"fa fa-thumbs-o-up\" aria-hidden=\"true\" style=\"\"><\/i>\r\n            <\/div>\r\n    <div class=\"media-body\">\r\n        <h3 class=\"media-heading\" style=\"\"><a href=\"http:\/\/centroalpe.es\/wp-content\/uploads\/2019\/04\/estatutos-de-voluntariado.pdf\">\u00bfQuiere colaborar?<\/a><\/h3>\r\n                    <p class=\"mb0\" style=\"\"><a href=\"http:\/\/centroalpe.es\/wp-content\/uploads\/2019\/04\/estatutos-de-voluntariado.pdf\"><strong><span style=\"color: #ffcc00\">Aqu\u00ed<\/span><\/strong><\/a> dispone de toda la informaci\u00f3n de los estatutos del voluntariado.<\/p>\r\n            <\/div>\r\n    <div class=\"clear\"><\/div>\r\n<\/div><\/div><\/div><\/div><div class=\"wpb_column vc_column_container vc_col-sm-4\"><div class=\"vc_column-inner vc_custom_1509110052516\"><div class=\"wpb_wrapper\"><div class=\"media rt-info-box vc_custom_1571677804052 layout5\" style=\"\">\r\n    <div class=\"rtin-icon rounded\" style=\"\">\r\n                    <i class=\"fa fa-gg-circle\" aria-hidden=\"true\" style=\"\"><\/i>\r\n            <\/div>\r\n    <div class=\"media-body\">\r\n        <h3 class=\"media-heading\" style=\"\">Enviar curriculum<\/h3>\r\n                    <p class=\"mb0\" style=\"\">Entra <a href=\"https:\/\/centroalpe.es\/envianos-tu-curriculum\/\"><strong><span style=\"color: #ffcc00\">aqu\u00ed<\/span><\/strong><\/a> para rellenar el formulario y enviarnos tu curriculum.<\/p>\r\n            <\/div>\r\n    <div class=\"clear\"><\/div>\r\n<\/div><\/div><\/div><\/div><\/div><\/div><\/div><\/div><\/div><div data-vc-full-width=\"true\" data-vc-full-width-init=\"false\" class=\"vc_row wpb_row vc_row-fluid vc_custom_1562076557671\"><div class=\"wpb_column vc_column_container vc_col-sm-9 vc_col-lg-6 vc_col-md-6\"><div class=\"vc_column-inner\"><div class=\"wpb_wrapper\"><div class=\"rt-vc-text-title  style3\" style=\"\">\r\n\t\t\t<h2 class=\"rtin-title\">Centro Alpe<\/h2>\r\n\t\t\t\t<p class=\"rtin-content\"><\/p>\n<p class=\"entry-title\"><strong>Asociaci\u00f3n Comarcal para la Rehabilitaci\u00f3n del Discapacitado<\/strong><\/p>\n<p align=\"justify\"><span class=\"Estilo40\">La Asociaci\u00f3n Alpe fue creada en 1982, por un grupo de padres de ni\u00f1os con diversidad funcional de Torrevieja con la finalidad de poder contar con un lugar donde, tanto sus hijos, como cualquier ni\u00f1o que lo necesitase, pudiese recibir atenci\u00f3n de una forma adecuada.<\/span><\/p>\n<p class=\"Estilo40\" align=\"justify\">Por ello se dirigieron al Ayuntamiento, el cual de inmediato le brind\u00f3 los locales de la antigua Escuela de Formaci\u00f3n Profesional, situado en la calle Apolo n\u00ba 58, all\u00ed se comenz\u00f3 a trabajar con 7 ni\u00f1os y 3 profesionales.<\/p>\n<p><\/p>\r\n\t\t\t\t<div class=\"rtin-btn\"><a href=\"http:\/\/centroalpe.es\/asociacion-comarcal-para-la-rehabilitacion-del-discapacitado\/\">Leer m\u00e1s<\/a><\/div>\r\n\t<\/div><\/div><\/div><\/div><div class=\"wpb_column vc_column_container vc_col-sm-3 vc_col-lg-6 vc_col-md-6\"><div class=\"vc_column-inner\"><div class=\"wpb_wrapper\">\r\n\t<div  class=\"wpb_single_image wpb_content_element vc_align_center\">\r\n\t\t\r\n\t\t<figure class=\"wpb_wrapper vc_figure\">\r\n\t\t\t<a class=\"\" data-lightbox=\"lightbox[rel-54-440373936]\" href=\"https:\/\/centroalpe.es\/wp-content\/uploads\/2019\/07\/centro-alpe-web.jpg\" target=\"_self\" class=\"vc_single_image-wrapper vc_box_rounded  vc_box_border_grey\"><img loading=\"lazy\" decoding=\"async\" width=\"720\" height=\"420\" src=\"https:\/\/centroalpe.es\/wp-content\/uploads\/2019\/07\/centro-alpe-web.jpg\" class=\"vc_single_image-img attachment-full\" alt=\"Centro ALPE\" srcset=\"https:\/\/centroalpe.es\/wp-content\/uploads\/2019\/07\/centro-alpe-web.jpg 720w, https:\/\/centroalpe.es\/wp-content\/uploads\/2019\/07\/centro-alpe-web-300x175.jpg 300w\" sizes=\"auto, (max-width: 720px) 100vw, 720px\" \/><\/a>\r\n\t\t<\/figure>\r\n\t<\/div>\r\n<\/div><\/div><\/div><\/div><div class=\"vc_row-full-width vc_clearfix\"><\/div><div class=\"vc_row wpb_row vc_row-fluid\"><div class=\"wpb_column vc_column_container vc_col-sm-12\"><div class=\"vc_column-inner\"><div class=\"wpb_wrapper\"><div class=\"vc_btn3-container vc_btn3-center\" id=\"btncanaletico\" ><a class=\"vc_general vc_btn3 vc_btn3-size-lg vc_btn3-shape-square vc_btn3-style-modern vc_btn3-color-grey\" href=\"https:\/\/centroalpe.es\/canal-etico\/\" title=\"Canal \u00e9tico\">Canal \u00e9tico<\/a><\/div><\/div><\/div><\/div><\/div><div class=\"vc_row wpb_row vc_row-fluid vc_custom_1563191497771\"><div class=\"wpb_column vc_column_container vc_col-sm-12\"><div class=\"vc_column-inner\"><div class=\"wpb_wrapper\">\r\n\t<div class=\"wpb_text_column wpb_content_element  vc_custom_1563191329456\" >\r\n\t\t<div class=\"wpb_wrapper\">\r\n\t\t\t<h2>Entidades colaboradoras<\/h2>\n\r\n\t\t<\/div>\r\n\t<\/div>\r\n<div class=\"rt-vc-logo-slider\">  \r\n\t<div class=\"owl-theme owl-carousel rt-owl-carousel\" data-carousel-options=\"{&quot;nav&quot;:false,&quot;dots&quot;:false,&quot;autoplay&quot;:true,&quot;autoplayTimeout&quot;:&quot;5000&quot;,&quot;autoplaySpeed&quot;:&quot;200&quot;,&quot;autoplayHoverPause&quot;:true,&quot;loop&quot;:true,&quot;margin&quot;:20,&quot;responsive&quot;:{&quot;0&quot;:{&quot;items&quot;:2},&quot;480&quot;:{&quot;items&quot;:3},&quot;768&quot;:{&quot;items&quot;:4},&quot;992&quot;:{&quot;items&quot;:4},&quot;1200&quot;:{&quot;items&quot;:4}}}\">\r\n\t\t\t\t\t\t\t\t<div class=\"rtin-item\">\r\n\t\t\t\t\t\t\t\t\t<a href=\"http:\/\/www.ceice.gva.es\/es\/\" target=\"_blank\" aria-label=\"Inicio\" rel=\"noopener\"><img loading=\"lazy\" decoding=\"async\" width=\"270\" height=\"130\" src=\"https:\/\/centroalpe.es\/wp-content\/uploads\/2019\/07\/logo-generalitat-valenciana-educacio\u0301n-investigacio\u0301n-cultura-deportes.jpg\" class=\"attachment-full size-full\" alt=\"Generalitat Valenciana\" \/><\/a>\r\n\t\t\t\t\t\t\t<\/div>\t\t\t\r\n\t\t\t\t\t\t\t\t<div class=\"rtin-item\">\r\n\t\t\t\t\t\t\t\t\t<a href=\"https:\/\/inclusio.gva.es\/es\/\" target=\"_blank\" aria-label=\"Inicio\" rel=\"noopener\"><img loading=\"lazy\" decoding=\"async\" width=\"270\" height=\"130\" src=\"https:\/\/centroalpe.es\/wp-content\/uploads\/2024\/10\/logo-Vicepresidencia-Segunda-y-Conselleria-de-Servicios-Sociales-Igualdad-y-Vivienda-1.png\" class=\"attachment-full size-full\" alt=\"Generalitat Valenciana\" \/><\/a>\r\n\t\t\t\t\t\t\t<\/div>\t\t\t\r\n\t\t\t\t\t\t\t\t<div class=\"rtin-item\">\r\n\t\t\t\t\t\t\t\t\t<a href=\"http:\/\/upapsa.com\/\" target=\"_blank\" aria-label=\"Inicio\" rel=\"noopener\"><img loading=\"lazy\" decoding=\"async\" width=\"270\" height=\"130\" src=\"https:\/\/centroalpe.es\/wp-content\/uploads\/2019\/07\/logo-upapsa.jpg\" class=\"attachment-full size-full\" alt=\"UPAPSA\" \/><\/a>\r\n\t\t\t\t\t\t\t<\/div>\t\t\t\r\n\t\t\t\t\t\t\t\t<div class=\"rtin-item\">\r\n\t\t\t\t\t\t\t\t\t<a href=\"http:\/\/www.diputacionalicante.es\/\" target=\"_blank\" aria-label=\"Inicio\" rel=\"noopener\"><img loading=\"lazy\" decoding=\"async\" width=\"270\" height=\"130\" src=\"https:\/\/centroalpe.es\/wp-content\/uploads\/2019\/07\/logo-diputacio\u0301n-alicante.jpg\" class=\"attachment-full size-full\" alt=\"Diputaci\u00f3n de Alicante\" \/><\/a>\r\n\t\t\t\t\t\t\t<\/div>\t\t\t\r\n\t\t\t\t\t\t\t\t<div class=\"rtin-item\">\r\n\t\t\t\t\t\t\t\t\t<a href=\"http:\/\/www.torrevieja.es\/sal\/index.aspx\" target=\"_blank\" aria-label=\"Inicio\" rel=\"noopener\"><img loading=\"lazy\" decoding=\"async\" width=\"270\" height=\"130\" src=\"https:\/\/centroalpe.es\/wp-content\/uploads\/2019\/07\/logo-ayuntamiento-torrevieja.jpg\" class=\"attachment-full size-full\" alt=\"Ayuntamiento de Torrevieja\" \/><\/a>\r\n\t\t\t\t\t\t\t<\/div>\t\t\t\r\n\t\t\t\t\t\t\t\t<div class=\"rtin-item\">\r\n\t\t\t\t\t\t\t\t\t<a href=\"http:\/\/adl-torrevieja.es\/\" target=\"_blank\" aria-label=\"Inicio\" rel=\"noopener\"><img loading=\"lazy\" decoding=\"async\" width=\"270\" height=\"130\" src=\"https:\/\/centroalpe.es\/wp-content\/uploads\/2019\/07\/logo-adl-torrevieja.jpg\" class=\"attachment-full size-full\" alt=\"Adl Torrevieja\" \/><\/a>\r\n\t\t\t\t\t\t\t<\/div>\t\t\t\r\n\t\t\t\t\t\t\t\t<div class=\"rtin-item\">\r\n\t\t\t\t\t\t\t\t\t<a href=\"https:\/\/obrasociallacaixa.org\/es\/\" target=\"_blank\" aria-label=\"Inicio\" rel=\"noopener\"><img loading=\"lazy\" decoding=\"async\" width=\"270\" height=\"130\" src=\"https:\/\/centroalpe.es\/wp-content\/uploads\/2019\/07\/logo-la-caixa.jpg\" class=\"attachment-full size-full\" alt=\"La Caixa\" \/><\/a>\r\n\t\t\t\t\t\t\t<\/div>\t\t\t\r\n\t\t\t\t\t\t\t\t<div class=\"rtin-item\">\r\n\t\t\t\t\t\t\t\t\t<a href=\"http:\/\/colegiovirgendelcarmen.net\/\" target=\"_blank\" aria-label=\"Inicio\" rel=\"noopener\"><img loading=\"lazy\" decoding=\"async\" width=\"270\" height=\"130\" src=\"https:\/\/centroalpe.es\/wp-content\/uploads\/2019\/07\/logo-colegio-virgen-del-carmen.jpg\" class=\"attachment-full size-full\" alt=\"Colegio Virgen del Carmen\" \/><\/a>\r\n\t\t\t\t\t\t\t<\/div>\t\t\t\r\n\t\t\t\t\t\t\t\t<div class=\"rtin-item\">\r\n\t\t\t\t\t\t\t\t\t<a href=\"http:\/\/mestreacasa.gva.es\/web\/301232300\" target=\"_blank\" aria-label=\"Inicio\" rel=\"noopener\"><img loading=\"lazy\" decoding=\"async\" width=\"270\" height=\"130\" src=\"https:\/\/centroalpe.es\/wp-content\/uploads\/2019\/07\/logo-colegio-publico-salvador-ruso.jpg\" class=\"attachment-full size-full\" alt=\"Colegio Salvador Ruso\" \/><\/a>\r\n\t\t\t\t\t\t\t<\/div>\t\t\t\r\n\t\t\t\t\t\t\t\t<div class=\"rtin-item\">\r\n\t\t\t\t\t\t\t\t\t<a href=\"https:\/\/www.facebook.com\/ColeCuba\" target=\"_blank\" aria-label=\"Inicio\" rel=\"noopener\"><img loading=\"lazy\" decoding=\"async\" width=\"270\" height=\"130\" src=\"https:\/\/centroalpe.es\/wp-content\/uploads\/2019\/07\/logo-colegio-cuba-torrevieja.jpg\" class=\"attachment-full size-full\" alt=\"Colegio Cuba\" \/><\/a>\r\n\t\t\t\t\t\t\t<\/div>\t\t\t\r\n\t\t\t\t\t\t\t\t<div class=\"rtin-item\">\r\n\t\t\t\t\t\t\t\t\t<a href=\"https:\/\/www.abacoadvisers.com\/\" target=\"_blank\" aria-label=\"Inicio\" rel=\"noopener\"><img loading=\"lazy\" decoding=\"async\" width=\"270\" height=\"130\" src=\"https:\/\/centroalpe.es\/wp-content\/uploads\/2019\/07\/logo-abaco-advisers-1.jpg\" class=\"attachment-full size-full\" alt=\"\u00c1baco Advisers\" \/><\/a>\r\n\t\t\t\t\t\t\t<\/div>\t\t\t\r\n\t\t\t\t\t\t\t\t<div class=\"rtin-item\">\r\n\t\t\t\t\t\t\t\t\t<a href=\"http:\/\/www.muebleshnosgarcia.com\/\" target=\"_blank\" aria-label=\"Inicio\" rel=\"noopener\"><img loading=\"lazy\" decoding=\"async\" width=\"270\" height=\"130\" src=\"https:\/\/centroalpe.es\/wp-content\/uploads\/2019\/07\/logo-muebles-hermanos-garcia.jpg\" class=\"attachment-full size-full\" alt=\"Muebles Hermanos Garc\u00eda\" \/><\/a>\r\n\t\t\t\t\t\t\t<\/div>\t\t\t\r\n\t\t\t\t\t\t\t\t<div class=\"rtin-item\">\r\n\t\t\t\t\t\t\t\t\t<img loading=\"lazy\" decoding=\"async\" width=\"270\" height=\"130\" src=\"https:\/\/centroalpe.es\/wp-content\/uploads\/2024\/08\/logo-plan-igualdad-1.jpg\" class=\"attachment-270x130 size-270x130\" alt=\"Plan igualdad\" \/>\t\t\t\t\t\t\t<\/div>\t\t\t\r\n\t\t\t\t\t\t\t\t<div class=\"rtin-item\">\r\n\t\t\t\t\t\t\t\t\t<a href=\"https:\/\/www.carrefour.es\/\" target=\"_blank\" aria-label=\"Inicio\" rel=\"noopener\"><img loading=\"lazy\" decoding=\"async\" width=\"270\" height=\"130\" src=\"https:\/\/centroalpe.es\/wp-content\/uploads\/2024\/10\/logo-carrefour-1.png\" class=\"attachment-full size-full\" alt=\"Carrefour\" \/><\/a>\r\n\t\t\t\t\t\t\t<\/div>\t\t\t\r\n\t\t\t\t\t\t\t\t<div class=\"rtin-item\">\r\n\t\t\t\t\t\t\t\t\t<a href=\"https:\/\/inclusio.gva.es\/es\/web\/s.sociales\" target=\"_blank\" aria-label=\"Inicio\" rel=\"noopener\"><img loading=\"lazy\" decoding=\"async\" width=\"270\" height=\"130\" src=\"https:\/\/centroalpe.es\/wp-content\/uploads\/2024\/10\/logo-SISTEMA-PUBLICO-VALENCIANO-DE-SERVICIOS-SOCIALES-1.png\" class=\"attachment-full size-full\" alt=\"Sistema p\u00fablico valenciano de Servicios Sociales\" \/><\/a>\r\n\t\t\t\t\t\t\t<\/div>\t\t\t\r\n\t\t\t\t\t\t\t\t<div class=\"rtin-item\">\r\n\t\t\t\t\t\t\t\t\t<a href=\"https:\/\/www.tmgrupoinmobiliario.com\/\" target=\"_blank\" aria-label=\"Inicio\" rel=\"noopener\"><img loading=\"lazy\" decoding=\"async\" width=\"270\" height=\"130\" src=\"https:\/\/centroalpe.es\/wp-content\/uploads\/2024\/10\/logo-tm-1.png\" class=\"attachment-full size-full\" alt=\"TM Grupo Inmobiliario\" \/><\/a>\r\n\t\t\t\t\t\t\t<\/div>\t\t\t\r\n\t\t\t\t\t\t\t\t<div class=\"rtin-item\">\r\n\t\t\t\t\t\t\t\t\t<a href=\"https:\/\/www.bureauveritas.es\/\" target=\"_blank\" aria-label=\"Inicio\" rel=\"noopener\"><img loading=\"lazy\" decoding=\"async\" width=\"270\" height=\"130\" src=\"https:\/\/centroalpe.es\/wp-content\/uploads\/2024\/10\/logo-bureau-veritas-1.png\" class=\"attachment-full size-full\" alt=\"Bureau Veritas\" \/><\/a>\r\n\t\t\t\t\t\t\t<\/div>\t\t\t\r\n\t\t                      \r\n\t<\/div>  \r\n<\/div>  <\/div><\/div><\/div><\/div><div class=\"vc_row wpb_row vc_row-fluid\"><div class=\"wpb_column vc_column_container vc_col-sm-12\"><div class=\"vc_column-inner\"><div class=\"wpb_wrapper\">\r\n\t<div  class=\"wpb_single_image wpb_content_element vc_align_center\">\r\n\t\t\r\n\t\t<figure class=\"wpb_wrapper vc_figure\">\r\n\t\t\t<div class=\"vc_single_image-wrapper   vc_box_border_grey\"><img loading=\"lazy\" decoding=\"async\" width=\"2560\" height=\"239\" src=\"https:\/\/centroalpe.es\/wp-content\/uploads\/2025\/12\/logoskd-scaled.png\" class=\"vc_single_image-img attachment-full\" alt=\"Logos Kit Digital\" srcset=\"https:\/\/centroalpe.es\/wp-content\/uploads\/2025\/12\/logoskd-scaled.png 2560w, https:\/\/centroalpe.es\/wp-content\/uploads\/2025\/12\/logoskd-300x28.png 300w, https:\/\/centroalpe.es\/wp-content\/uploads\/2025\/12\/logoskd-1024x95.png 1024w, https:\/\/centroalpe.es\/wp-content\/uploads\/2025\/12\/logoskd-1536x143.png 1536w, https:\/\/centroalpe.es\/wp-content\/uploads\/2025\/12\/logoskd-2048x191.png 2048w\" sizes=\"auto, (max-width: 2560px) 100vw, 2560px\" \/><\/div>\r\n\t\t<\/figure>\r\n\t<\/div>\r\n<\/div><\/div><\/div><\/div>\n","protected":false},"excerpt":{"rendered":"CENTRO DE EDUCACI\u00d3N ESPECIALCENTRO OCUPACIONALCOLEGIO EDUCACI\u00d3N ESPECIALAsociaci\u00f3n Comarcal para la Rehabilitaci\u00f3n de las Personas con Discapacidad \u00bfC\u00f3mo asociarse? Rellene el impreso para ser socio. Para rellenar el impreso, haga clic aqu\u00ed. \u00bfQuiere colaborar? Aqu\u00ed dispone de toda la informaci\u00f3n de los estatutos del voluntariado. Enviar curriculum Entra aqu\u00ed para rellenar el formulario y enviarnos tu [...]","protected":false},"author":2,"featured_media":0,"parent":0,"menu_order":0,"comment_status":"closed","ping_status":"closed","template":"","meta":{"footnotes":""},"class_list":["post-54","page","type-page","status-publish","hentry"],"_links":{"self":[{"href":"https:\/\/centroalpe.es\/va\/wp-json\/wp\/v2\/pages\/54","targetHints":{"allow":["GET"]}}],"collection":[{"href":"https:\/\/centroalpe.es\/va\/wp-json\/wp\/v2\/pages"}],"about":[{"href":"https:\/\/centroalpe.es\/va\/wp-json\/wp\/v2\/types\/page"}],"author":[{"embeddable":true,"href":"https:\/\/centroalpe.es\/va\/wp-json\/wp\/v2\/users\/2"}],"replies":[{"embeddable":true,"href":"https:\/\/centroalpe.es\/va\/wp-json\/wp\/v2\/comments?post=54"}],"version-history":[{"count":44,"href":"https:\/\/centroalpe.es\/va\/wp-json\/wp\/v2\/pages\/54\/revisions"}],"predecessor-version":[{"id":4794,"href":"https:\/\/centroalpe.es\/va\/wp-json\/wp\/v2\/pages\/54\/revisions\/4794"}],"wp:attachment":[{"href":"https:\/\/centroalpe.es\/va\/wp-json\/wp\/v2\/media?parent=54"}],"curies":[{"name":"wp","href":"https:\/\/api.w.org\/{rel}","templated":true}]}}