{"id":4599,"date":"2025-06-30T10:45:52","date_gmt":"2025-06-30T08:45:52","guid":{"rendered":"https:\/\/centroalpe.es\/?page_id=4599"},"modified":"2025-06-30T23:56:41","modified_gmt":"2025-06-30T21:56:41","slug":"proyecto-innovaarts","status":"publish","type":"page","link":"https:\/\/centroalpe.es\/va\/proyecto-innovaarts\/","title":{"rendered":"Proyecto innova@ARTS"},"content":{"rendered":"<div class=\"vc_row wpb_row vc_row-fluid\"><div class=\"wpb_column vc_column_container vc_col-sm-12\"><div class=\"vc_column-inner\"><div class=\"wpb_wrapper\">\r\n\t<div  class=\"wpb_single_image wpb_content_element vc_align_center\">\r\n\t\t\r\n\t\t<figure class=\"wpb_wrapper vc_figure\">\r\n\t\t\t<a href=\"https:\/\/centroalpe.es\/wp-content\/uploads\/2025\/06\/Dossier_informatiu_innovARTS_cas.pdf\" target=\"_blank\" class=\"vc_single_image-wrapper   vc_box_border_grey\"><img loading=\"lazy\" decoding=\"async\" width=\"676\" height=\"331\" src=\"https:\/\/centroalpe.es\/wp-content\/uploads\/2025\/06\/INNOVARTS-GIFANIMADO.gif\" class=\"vc_single_image-img attachment-full\" alt=\"\" \/><\/a>\r\n\t\t<\/figure>\r\n\t<\/div>\r\n\r\n\t<div class=\"wpb_text_column wpb_content_element\" >\r\n\t\t<div class=\"wpb_wrapper\">\r\n\t\t\t<p class=\"p1\"><b>INNOVARTS \u2013 Centro ALPE<\/b><b><\/b><\/p>\n<p class=\"p1\">En el <strong>Centro ALPE<\/strong> entendemos el arte como una v\u00eda fundamental para el aprendizaje y la inclusi\u00f3n. A trav\u00e9s del programa <a href=\"https:\/\/ceice.gva.es\/es\/web\/innovacion-educacion\/innovarts\" target=\"_blank\" rel=\"noopener\">innova@ARTS<\/a>, impulsamos proyectos que combinan creatividad y desarrollo personal. Actualmente, participamos en <a href=\"https:\/\/centroalpe.es\/wp-content\/uploads\/2025\/06\/Dossier_informatiu_innovadansa_cas.pdf\">innov@dansa<\/a>, donde la danza favorece la expresi\u00f3n, el movimiento y la conexi\u00f3n emocional; y en <a href=\"https:\/\/centroalpe.es\/wp-content\/uploads\/2025\/06\/Dossier_informatiu_innovateatre_cas.pdf\" target=\"_blank\" rel=\"noopener\">innov@teatre,<\/a> que utiliza el teatro como herramienta para estimular la comunicaci\u00f3n, la imaginaci\u00f3n y el trabajo en grupo. Dos l\u00edneas art\u00edsticas que enriquecen el d\u00eda a d\u00eda del alumnado y fortalecen su autoestima, motivaci\u00f3n y bienestar.<\/p>\n\r\n\t\t<\/div>\r\n\t<\/div>\r\n<div class=\"vc_row wpb_row vc_inner vc_row-fluid\"><div class=\"wpb_column vc_column_container vc_col-sm-12\"><div class=\"vc_column-inner\"><div class=\"wpb_wrapper\"><div class=\"rt-vc-text-button rtin-light\">\r\n\t<h2 class=\"rtin-title\"><\/h2>\r\n\t<h3 class=\"rtin-subtitle\"><\/h3>\r\n\t\t\t<div class=\"rtin-btn\"><a href=\"https:\/\/centroalpe.es\/wp-content\/uploads\/2025\/06\/Dossier_informatiu_innovARTS_cas.pdf\">M\u00e1s informaci\u00f3n<\/a><\/div>\r\n\t<\/div><\/div><\/div><\/div><\/div><\/div><\/div><\/div><\/div><div class=\"vc_row wpb_row vc_row-fluid\"><div class=\"wpb_column vc_column_container vc_col-sm-12\"><div class=\"vc_column-inner vc_custom_1701111180575\"><div class=\"wpb_wrapper\"><\/div><\/div><\/div><\/div><div class=\"vc_row wpb_row vc_row-fluid\"><div class=\"wpb_column vc_column_container vc_col-sm-12\"><div class=\"vc_column-inner vc_custom_1701111180575\"><div class=\"wpb_wrapper\"><div class=\"vc_separator wpb_content_element vc_separator_align_center vc_sep_width_100 vc_sep_border_width_2 vc_sep_pos_align_center vc_separator_no_text\" ><span class=\"vc_sep_holder vc_sep_holder_l\"><span  style=\"border-color:#fdc800;\" class=\"vc_sep_line\"><\/span><\/span><span class=\"vc_sep_holder vc_sep_holder_r\"><span  style=\"border-color:#fdc800;\" class=\"vc_sep_line\"><\/span><\/span>\r\n<\/div><\/div><\/div><\/div><\/div><div class=\"vc_row wpb_row vc_row-fluid\"><div class=\"wpb_column vc_column_container vc_col-sm-12\"><div class=\"vc_column-inner vc_custom_1701111180575\"><div class=\"wpb_wrapper\"><\/div><\/div><\/div><\/div><div class=\"vc_row wpb_row vc_row-fluid\"><div class=\"wpb_column vc_column_container vc_col-sm-2\"><div class=\"vc_column-inner\"><div class=\"wpb_wrapper\"><\/div><\/div><\/div><div class=\"wpb_column vc_column_container vc_col-sm-8\"><div class=\"vc_column-inner\"><div class=\"wpb_wrapper\"><div class=\"rt-vc-cta  style1\">\r\n\t<div class=\"rtin-left\">\t\r\n\t\t<img loading=\"lazy\" decoding=\"async\" width=\"767\" height=\"503\" src=\"https:\/\/centroalpe.es\/wp-content\/uploads\/2025\/06\/logo_innov@dansa.jpg\" class=\"img-responsive\" alt=\"Innov@ Dansa\" \/>\t\t\r\n\t<\/div>\r\n\t<div class=\"rtin-right\">\r\n\t\t<h2>Bailar para sentir, comunicar y avanzar.<\/h2>\r\n\t\t\t\t\t<a class=\"rtin-btn\" href=\"https:\/\/centroalpe.es\/va\/proyecto-innovdansa\/\">Accede al contenido<\/a>\r\n\t\t\t<\/div>\r\n<\/div><\/div><\/div><\/div><div class=\"wpb_column vc_column_container vc_col-sm-2\"><div class=\"vc_column-inner\"><div class=\"wpb_wrapper\"><\/div><\/div><\/div><\/div><div class=\"vc_row wpb_row vc_row-fluid\"><div class=\"wpb_column vc_column_container vc_col-sm-12\"><div class=\"vc_column-inner vc_custom_1701111180575\"><div class=\"wpb_wrapper\"><\/div><\/div><\/div><\/div><div class=\"vc_row wpb_row vc_row-fluid\"><div class=\"wpb_column vc_column_container vc_col-sm-2\"><div class=\"vc_column-inner\"><div class=\"wpb_wrapper\"><\/div><\/div><\/div><div class=\"wpb_column vc_column_container vc_col-sm-8\"><div class=\"vc_column-inner\"><div class=\"wpb_wrapper\"><div class=\"rt-vc-cta  style1\">\r\n\t<div class=\"rtin-left\">\t\r\n\t\t<img loading=\"lazy\" decoding=\"async\" width=\"742\" height=\"503\" src=\"https:\/\/centroalpe.es\/wp-content\/uploads\/2025\/06\/logo_innov@teatre.jpg\" class=\"img-responsive\" alt=\"Innov@ Teatre\" \/>\t\t\r\n\t<\/div>\r\n\t<div class=\"rtin-right\">\r\n\t\t<h2>Actuar para imaginar, expresar y transformar.<\/h2>\r\n\t\t\t\t\t<a class=\"rtin-btn\" href=\"https:\/\/centroalpe.es\/va\/proyecto-innovateatre\/\">Accede al contenido<\/a>\r\n\t\t\t<\/div>\r\n<\/div><\/div><\/div><\/div><div class=\"wpb_column vc_column_container vc_col-sm-2\"><div class=\"vc_column-inner\"><div class=\"wpb_wrapper\"><\/div><\/div><\/div><\/div><div class=\"vc_row wpb_row vc_row-fluid\"><div class=\"wpb_column vc_column_container vc_col-sm-12\"><div class=\"vc_column-inner vc_custom_1701111180575\"><div class=\"wpb_wrapper\"><\/div><\/div><\/div><\/div><div class=\"vc_row wpb_row vc_row-fluid\"><div class=\"wpb_column vc_column_container vc_col-sm-12\"><div class=\"vc_column-inner vc_custom_1701111180575\"><div class=\"wpb_wrapper\"><div class=\"vc_separator wpb_content_element vc_separator_align_center vc_sep_width_100 vc_sep_border_width_2 vc_sep_pos_align_center vc_separator_no_text\" ><span class=\"vc_sep_holder vc_sep_holder_l\"><span  style=\"border-color:#fdc800;\" class=\"vc_sep_line\"><\/span><\/span><span class=\"vc_sep_holder vc_sep_holder_r\"><span  style=\"border-color:#fdc800;\" class=\"vc_sep_line\"><\/span><\/span>\r\n<\/div><\/div><\/div><\/div><\/div>","protected":false},"excerpt":{"rendered":"INNOVARTS \u2013 Centro ALPE En el Centro ALPE entendemos el arte como una v\u00eda fundamental para el aprendizaje y la inclusi\u00f3n. A trav\u00e9s del programa innova@ARTS, impulsamos proyectos que combinan creatividad y desarrollo personal. Actualmente, participamos en innov@dansa, donde la danza favorece la expresi\u00f3n, el movimiento y la conexi\u00f3n emocional; y en innov@teatre, que utiliza [...]","protected":false},"author":2,"featured_media":0,"parent":0,"menu_order":0,"comment_status":"closed","ping_status":"closed","template":"","meta":{"footnotes":""},"class_list":["post-4599","page","type-page","status-publish","hentry"],"_links":{"self":[{"href":"https:\/\/centroalpe.es\/va\/wp-json\/wp\/v2\/pages\/4599","targetHints":{"allow":["GET"]}}],"collection":[{"href":"https:\/\/centroalpe.es\/va\/wp-json\/wp\/v2\/pages"}],"about":[{"href":"https:\/\/centroalpe.es\/va\/wp-json\/wp\/v2\/types\/page"}],"author":[{"embeddable":true,"href":"https:\/\/centroalpe.es\/va\/wp-json\/wp\/v2\/users\/2"}],"replies":[{"embeddable":true,"href":"https:\/\/centroalpe.es\/va\/wp-json\/wp\/v2\/comments?post=4599"}],"version-history":[{"count":12,"href":"https:\/\/centroalpe.es\/va\/wp-json\/wp\/v2\/pages\/4599\/revisions"}],"predecessor-version":[{"id":4646,"href":"https:\/\/centroalpe.es\/va\/wp-json\/wp\/v2\/pages\/4599\/revisions\/4646"}],"wp:attachment":[{"href":"https:\/\/centroalpe.es\/va\/wp-json\/wp\/v2\/media?parent=4599"}],"curies":[{"name":"wp","href":"https:\/\/api.w.org\/{rel}","templated":true}]}}