{"id":4427,"date":"2025-01-23T13:38:55","date_gmt":"2025-01-23T12:38:55","guid":{"rendered":"https:\/\/centroalpe.es\/?page_id=4427"},"modified":"2025-02-16T14:43:44","modified_gmt":"2025-02-16T13:43:44","slug":"canal-etico","status":"publish","type":"page","link":"https:\/\/centroalpe.es\/va\/canal-etico\/","title":{"rendered":"Canal \u00e9tico"},"content":{"rendered":"<div class=\"vc_row wpb_row vc_row-fluid\"><div class=\"wpb_column vc_column_container vc_col-sm-12\"><div class=\"vc_column-inner\"><div class=\"wpb_wrapper\">\r\n\t<div class=\"wpb_text_column wpb_content_element\" >\r\n\t\t<div class=\"wpb_wrapper\">\r\n\t\t\t<p class=\"p1\"><b>\u00bfQU\u00c9 ES EL CANAL \u00c9TICO?<\/b><\/p>\n<p class=\"p2\">Es un canal de comunicaci\u00f3n espec\u00edfico a disposici\u00f3n de toda persona que quiera informar, incluso de forma an\u00f3nima,<\/p>\n<p class=\"p2\">sobre conductas que resulten contrarias a derecho, as\u00ed como a los principios o a las reglas \u00e9ticas de la propia entidad.<\/p>\n<p class=\"p1\"><b>\u00bfCU\u00c1NDO UTILIZO EL CANAL \u00c9TICO?<\/b><\/p>\n<p class=\"p2\">Si tienes alg\u00fan tipo de relaci\u00f3n o v\u00ednculo con <b>Asociaci\u00f3n Comarcal para la Rehabilitaci\u00f3n de las personas con<\/b><\/p>\n<p class=\"p2\"><b>discapacidad ALPE<\/b> y, por ello, eres conocedor\/a de cualquier comportamiento o conducta irregular dentro del seno<\/p>\n<p class=\"p2\">de nuestra entidad puedes ponerlo en conocimiento por medio del canal \u00e9tico para que se tomen las medidas<\/p>\n<p class=\"p2\">correspondientes.<\/p>\n<p class=\"p2\">Para ello, es imprescindible que la comunicaci\u00f3n que facilitas se encuentre respaldada por informaci\u00f3n veraz y<\/p>\n<p class=\"p2\">pruebas suficientes que la apoyen, facilitando as\u00ed el posterior trabajo de instrucci\u00f3n e investigaci\u00f3n.<\/p>\n<p class=\"p1\"><b>\u00bfC\u00d3MO UTILIZO EL CANAL \u00c9TICO?<\/b><\/p>\n<p class=\"p2\">Si entras en la direcci\u00f3n <del><a href=\"https:\/\/centroalpe.canales-eticos.com\" target=\"_blank\" rel=\"noopener\"><b>https:\/\/centroalpe.canales-eticos.com<\/b><\/a><\/del> podr\u00e1s informar, de manera sencilla y c\u00f3moda,<\/p>\n<p class=\"p2\">sobre la situaci\u00f3n que desees indicando el asunto con el que se relaciona (acoso sexual, estafa, tr\u00e1fico de influencias<\/p>\n<p class=\"p2\">o cualquier otro), llevando a cabo una descripci\u00f3n de los hechos.<\/p>\n<p class=\"p2\">Adem\u00e1s, podr\u00e1s adjuntar documentaci\u00f3n que servir\u00e1 como prueba que respaldar\u00e1 la informaci\u00f3n aportada y a la<\/p>\n<p class=\"p2\">persona que instruye el procedimiento le ser\u00e1 muy \u00fatil.<\/p>\n<p class=\"p2\">Una vez hayas interpuesto una denuncia se te facilitar\u00e1 un c\u00f3digo para que puedas seguir el estado del<\/p>\n<p class=\"p2\">procedimiento, a trav\u00e9s de la propia plataforma.<\/p>\n<p class=\"p2\">El propio canal \u00e9tico servir\u00e1 como canal de comunicaci\u00f3n por medio de un chat interno y absolutamente<\/p>\n<p class=\"p2\">confidencial entre la persona informante y la persona instructora del procedimiento.<\/p>\n<p class=\"p1\"><b>\u00bfC\u00d3MO SE DESARROLLA EL PROCEDIMIENTO TRAS LA DENUNCIA O COMUNICACI\u00d3N?<\/b><\/p>\n<p class=\"p2\">Tras interponer la denuncia o comunicaci\u00f3n trav\u00e9s del canal \u00e9tico, la persona que instruye el procedimiento te<\/p>\n<p class=\"p2\">confirmar\u00e1 en un plazo m\u00e1ximo de siete (7) d\u00edas que tu denuncia ha sido recibida y que en un el plazo m\u00e1ximo de tres<\/p>\n<p class=\"p2\">(3) meses ser\u00e1 resuelto el procedimiento. En caso de que la denuncia trate sobre acoso moral, sexual o por raz\u00f3n de<\/p>\n<p class=\"p2\">sexo en el trabajo, el procedimiento se tramitar\u00e1 con car\u00e1cter de urgencia y se resolver\u00e1 a la mayor brevedad.<\/p>\n<p class=\"p2\">Se garantiza la indemnidad a toda persona que realice una comunicaci\u00f3n a trav\u00e9s del canal \u00e9tico quedando prohibida<\/p>\n<p class=\"p2\">toda represalia frente a aquella.<\/p>\n<p class=\"p3\">No olvides que la existencia de este canal \u00e9tico<\/p>\n<p class=\"p4\"><span class=\"s1\">no impide que puedas <\/span>acudir a los canales externos<\/p>\n<p class=\"p4\">constituidos por los organismos o las autoridades<\/p>\n<p class=\"p4\">competentes para denunciar cualquier hecho<\/p>\n<p class=\"p4\">susceptible de ser considerado delito.<\/p>\n\r\n\t\t<\/div>\r\n\t<\/div>\r\n<\/div><\/div><\/div><\/div>","protected":false},"excerpt":{"rendered":"\u00bfQU\u00c9 ES EL CANAL \u00c9TICO? Es un canal de comunicaci\u00f3n espec\u00edfico a disposici\u00f3n de toda persona que quiera informar, incluso de forma an\u00f3nima, sobre conductas que resulten contrarias a derecho, as\u00ed como a los principios o a las reglas \u00e9ticas de la propia entidad. \u00bfCU\u00c1NDO UTILIZO EL CANAL \u00c9TICO? Si tienes alg\u00fan tipo de relaci\u00f3n [...]","protected":false},"author":2,"featured_media":0,"parent":0,"menu_order":0,"comment_status":"closed","ping_status":"closed","template":"","meta":{"footnotes":""},"class_list":["post-4427","page","type-page","status-publish","hentry"],"_links":{"self":[{"href":"https:\/\/centroalpe.es\/va\/wp-json\/wp\/v2\/pages\/4427","targetHints":{"allow":["GET"]}}],"collection":[{"href":"https:\/\/centroalpe.es\/va\/wp-json\/wp\/v2\/pages"}],"about":[{"href":"https:\/\/centroalpe.es\/va\/wp-json\/wp\/v2\/types\/page"}],"author":[{"embeddable":true,"href":"https:\/\/centroalpe.es\/va\/wp-json\/wp\/v2\/users\/2"}],"replies":[{"embeddable":true,"href":"https:\/\/centroalpe.es\/va\/wp-json\/wp\/v2\/comments?post=4427"}],"version-history":[{"count":3,"href":"https:\/\/centroalpe.es\/va\/wp-json\/wp\/v2\/pages\/4427\/revisions"}],"predecessor-version":[{"id":4473,"href":"https:\/\/centroalpe.es\/va\/wp-json\/wp\/v2\/pages\/4427\/revisions\/4473"}],"wp:attachment":[{"href":"https:\/\/centroalpe.es\/va\/wp-json\/wp\/v2\/media?parent=4427"}],"curies":[{"name":"wp","href":"https:\/\/api.w.org\/{rel}","templated":true}]}}