{"id":2890,"date":"2019-10-21T18:44:44","date_gmt":"2019-10-21T16:44:44","guid":{"rendered":"https:\/\/centroalpe.es\/?page_id=2890"},"modified":"2019-10-21T18:55:42","modified_gmt":"2019-10-21T16:55:42","slug":"envianos-tu-curriculum","status":"publish","type":"page","link":"https:\/\/centroalpe.es\/va\/envianos-tu-curriculum\/","title":{"rendered":"Env\u00edanos tu curriculum"},"content":{"rendered":"<div class=\"vc_row wpb_row vc_row-fluid\"><div class=\"wpb_column vc_column_container vc_col-sm-12\"><div class=\"vc_column-inner\"><div class=\"wpb_wrapper\"><h2 style=\"font-size: 30px;color: #002147;line-height: 1.5;text-align: left\" class=\"vc_custom_heading\" >Rellena el formulario para enviarnos tu curriculum<\/h2><div class=\"vc_separator wpb_content_element vc_separator_align_center vc_sep_width_10 vc_sep_border_width_3 vc_sep_pos_align_left vc_separator_no_text\" ><span class=\"vc_sep_holder vc_sep_holder_l\"><span  style=\"border-color:#fdc800;\" class=\"vc_sep_line\"><\/span><\/span><span class=\"vc_sep_holder vc_sep_holder_r\"><span  style=\"border-color:#fdc800;\" class=\"vc_sep_line\"><\/span><\/span>\r\n<\/div>\n<div class=\"wpcf7 no-js\" id=\"wpcf7-f2881-o1\" lang=\"es-ES\" dir=\"ltr\" data-wpcf7-id=\"2881\">\n<div class=\"screen-reader-response\"><p role=\"status\" aria-live=\"polite\" aria-atomic=\"true\"><\/p> <ul><\/ul><\/div>\n<form action=\"\/va\/wp-json\/wp\/v2\/pages\/2890#wpcf7-f2881-o1\" method=\"post\" class=\"wpcf7-form init\" aria-label=\"Formulario de contacto\" enctype=\"multipart\/form-data\" novalidate=\"novalidate\" data-status=\"init\" data-trp-original-action=\"\/va\/wp-json\/wp\/v2\/pages\/2890#wpcf7-f2881-o1\">\n<fieldset class=\"hidden-fields-container\"><input type=\"hidden\" name=\"_wpcf7\" value=\"2881\" \/><input type=\"hidden\" name=\"_wpcf7_version\" value=\"6.1.4\" \/><input type=\"hidden\" name=\"_wpcf7_locale\" value=\"es_ES\" \/><input type=\"hidden\" name=\"_wpcf7_unit_tag\" value=\"wpcf7-f2881-o1\" \/><input type=\"hidden\" name=\"_wpcf7_container_post\" value=\"0\" \/><input type=\"hidden\" name=\"_wpcf7_posted_data_hash\" value=\"\" \/><input type=\"hidden\" name=\"_wpcf7_recaptcha_response\" value=\"\" \/>\n<\/fieldset>\n<div class=\"contact-us-form\">\n\t<div class=\"row\">\n\t\t<div class=\"col-lg-6 col-md-6 col-sm-6\">\n\t\t\t<div class=\"form-group\">\n\t\t\t\t<p><span class=\"wpcf7-form-control-wrap\" data-name=\"nombre\"><input size=\"40\" maxlength=\"400\" class=\"wpcf7-form-control wpcf7-text wpcf7-validates-as-required form-control\" aria-required=\"true\" aria-invalid=\"false\" placeholder=\"Nombre*\" value=\"\" type=\"text\" name=\"nombre\" \/><\/span>\n\t\t\t\t<\/p>\n\t\t\t<\/div>\n\t\t<\/div>\n\t\t<div class=\"col-lg-6 col-md-6 col-sm-6\">\n\t\t\t<div class=\"form-group\">\n\t\t\t\t<p><span class=\"wpcf7-form-control-wrap\" data-name=\"apellidos\"><input size=\"40\" maxlength=\"400\" class=\"wpcf7-form-control wpcf7-text wpcf7-validates-as-required form-control\" aria-required=\"true\" aria-invalid=\"false\" placeholder=\"Apellidos*\" value=\"\" type=\"text\" name=\"apellidos\" \/><\/span>\n\t\t\t\t<\/p>\n\t\t\t<\/div>\n\t\t<\/div>\n\t\t<div class=\"col-lg-6 col-md-6 col-sm-6\">\n\t\t\t<div class=\"form-group\">\n\t\t\t\t<p><span class=\"wpcf7-form-control-wrap\" data-name=\"email-788\"><input size=\"40\" maxlength=\"400\" class=\"wpcf7-form-control wpcf7-email wpcf7-validates-as-required wpcf7-text wpcf7-validates-as-email form-control\" aria-required=\"true\" aria-invalid=\"false\" placeholder=\"Email*\" value=\"\" type=\"email\" name=\"email-788\" \/><\/span>\n\t\t\t\t<\/p>\n\t\t\t<\/div>\n\t\t<\/div>\n\t\t<div class=\"col-lg-6 col-md-6 col-sm-6\">\n\t\t\t<div class=\"form-group\">\n\t\t\t\t<p><span class=\"wpcf7-form-control-wrap\" data-name=\"telefono\"><input size=\"40\" maxlength=\"400\" class=\"wpcf7-form-control wpcf7-tel wpcf7-text wpcf7-validates-as-tel form-control\" aria-invalid=\"false\" placeholder=\"Tel\u00e9fono\" value=\"\" type=\"tel\" name=\"telefono\" \/><\/span>\n\t\t\t\t<\/p>\n\t\t\t<\/div>\n\t\t<\/div>\n\t\t<div class=\"col-lg-6 col-md-6 col-sm-6\">\n\t\t\t<div class=\"form-group\">\n\t\t\t\t<p><strong>Abre el siguiente desplegable y selecciona tu especialidad: <\/strong>\n\t\t\t\t<\/p>\n\t\t\t<\/div>\n\t\t<\/div>\n\t\t<div class=\"col-lg-6 col-md-6 col-sm-6\">\n\t\t\t<div class=\"form-group\">\n\t\t\t\t<p><span class=\"wpcf7-form-control-wrap\" data-name=\"menu\"><select class=\"wpcf7-form-control wpcf7-select wpcf7-validates-as-required\" aria-required=\"true\" aria-invalid=\"false\" name=\"menu\"><option value=\"\">&#8212;Por favor, elige una opci\u00f3n&#8212;<\/option><option value=\"Maestro\/a pedagog\u00eda terap\u00e9utica\">Maestro\/a pedagog\u00eda terap\u00e9utica<\/option><option value=\"Maestro\/a educaci\u00f3n f\u00edsica\">Maestro\/a educaci\u00f3n f\u00edsica<\/option><option value=\"Maestro\/a m\u00fasica\">Maestro\/a m\u00fasica<\/option><option value=\"Maestro de audici\u00f3n y lenguaje\">Maestro de audici\u00f3n y lenguaje<\/option><option value=\"Monitor\/a ocupacional\">Monitor\/a ocupacional<\/option><option value=\"Cuidador\/a\">Cuidador\/a<\/option><option value=\"Psic\u00f3logo\/a\">Psic\u00f3logo\/a<\/option><option value=\"Fisioterapeuta\">Fisioterapeuta<\/option><option value=\"Auxiliar transporte\">Auxiliar transporte<\/option><option value=\"Auxiliar comedor\">Auxiliar comedor<\/option><option value=\"Integrador\/a Social\">Integrador\/a Social<\/option><\/select><\/span>\n\t\t\t\t<\/p>\n\t\t\t<\/div>\n\t\t<\/div>\n\t\t<div class=\"col-lg-12 col-md-12 col-sm-12\">\n\t\t\t<div class=\"form-group\">\n\t\t\t\t<p><span class=\"wpcf7-form-control-wrap\" data-name=\"textarea-349\"><textarea cols=\"20\" rows=\"7\" maxlength=\"2000\" class=\"wpcf7-form-control wpcf7-textarea wpcf7-validates-as-required textarea form-control\" aria-required=\"true\" aria-invalid=\"false\" placeholder=\"Mensaje*\" name=\"textarea-349\"><\/textarea><\/span>\n\t\t\t\t<\/p>\n\t\t\t<\/div>\n\t\t<\/div>\n\t\t<div class=\"col-lg-6 col-md-6 col-sm-6\">\n\t\t\t<div class=\"form-group\">\n\t\t\t\t<p><strong>Selecciona y env\u00eda tu curriculum <\/strong>(Solo se admite formato .pdf y m\u00e1ximo de 10mb).\n\t\t\t\t<\/p>\n\t\t\t<\/div>\n\t\t<\/div>\n\t\t<div class=\"col-lg-6 col-md-6 col-sm-6\">\n\t\t\t<div class=\"form-group\">\n\t\t\t\t<p><span class=\"wpcf7-form-control-wrap\" data-name=\"archivo\"><input size=\"40\" class=\"wpcf7-form-control wpcf7-file wpcf7-validates-as-required\" accept=\".pdf\" aria-required=\"true\" aria-invalid=\"false\" type=\"file\" name=\"archivo\" \/><\/span>\n\t\t\t\t<\/p>\n\t\t\t<\/div>\n\t\t<\/div>\n\t\t<div class=\"col-lg-12 col-md-12 col-sm-12\">\n\t\t\t<div class=\"form-group\">\n\t\t\t\t<p><small>Los datos personales que obren en su Curr\u00edculum Vitae ser\u00e1n utilizados para incluirle en distintos procesos de selecci\u00f3n que encajen con su perfil o que puedan ser de su inter\u00e9s, no trat\u00e1ndolos para ninguna otra finalidad sin haber obtenido su consentimiento previo. S\u00f3lo el personal debidamente autorizado podr\u00e1 tratar la informaci\u00f3n que aparece en su Curr\u00edculum Vitae. Asimismo, usted se compromete a comunicarnos aquellos cambios que se produzcan respecto a la informaci\u00f3n obrante en el Curr\u00edculum Vitae, de forma que podamos cumplir con la finalidad descrita anteriormente. Sus datos personales se conservar\u00e1n durante el plazo de un a\u00f1o a contar desde la presentaci\u00f3n de la solicitud de empleo o candidatura al proceso de selecci\u00f3n de personal. Una vez finalizado dicho plazo, procederemos a eliminarlos de forma segura. En cualquier momento puede dirigirse a nosotros para saber qu\u00e9 informaci\u00f3n tenemos sobre usted, rectificarla si fuese incorrecta y eliminarla una vez finalizada nuestra relaci\u00f3n, en el caso de que ello sea legalmente posible. Tambi\u00e9n tiene derecho a solicitar el traspaso de su informaci\u00f3n a otra entidad (portabilidad). Para solicitar alguno de estos derechos, deber\u00e1 realizar una solicitud escrita a nuestra direcci\u00f3n: Asociaci\u00f3n Comarcal para la Rehabilitaci\u00f3n de las personas con discapacidad ALPE, con direcci\u00f3n en Avenida de las Cortes Valencianas 73., 03183 - Torrevieja (Alicante). Puede contactar con nuestro Delegado de Protecci\u00f3n de Datos a trav\u00e9s del siguiente correo electr\u00f3nico: dpd@audidat.com.<\/small>\n\t\t\t\t<\/p>\n\t\t\t<\/div>\n\t\t<\/div>\n\t\t<p><span class=\"wpcf7-form-control-wrap\" data-name=\"aceptacion\"><span class=\"wpcf7-form-control wpcf7-acceptance optional\"><span class=\"wpcf7-list-item\"><input type=\"checkbox\" name=\"aceptacion\" value=\"1\" aria-invalid=\"false\" \/><\/span><\/span><\/span><a href=\"https:\/\/centroalpe.es\/va\/politica-de-privacidad\/\"> He le\u00eddo y acepto la pol\u00edtica de privacidad.<\/a>\n\t\t<\/p>\n\t\t<div class=\"col-lg-12 col-md-12 col-sm-12\">\n\t\t\t<p><span class=\"wpcf7-form-control-wrap\" data-name=\"quiz-500\"><label><span class=\"wpcf7-quiz-label\">1+1<\/span> <input size=\"40\" class=\"wpcf7-form-control wpcf7-quiz\" autocomplete=\"off\" aria-required=\"true\" aria-invalid=\"false\" type=\"text\" name=\"quiz-500\" \/><\/label><input type=\"hidden\" name=\"_wpcf7_quiz_answer_quiz-500\" value=\"e0300321eef4f697db9a780e59255989\" \/><\/span>\n\t\t\t<\/p>\n\t\t<\/div>\n\t<\/div>\n\t<div class=\"col-lg-12 col-md-12 col-sm-12\">\n\t\t<p><input class=\"wpcf7-form-control wpcf7-submit has-spinner rdtheme-button-2\" type=\"submit\" value=\"Enviar\" \/>\n\t\t<\/p>\n\t<\/div>\n<\/div>\n<div class=\"wpcf7-response-output\" aria-hidden=\"true\"><\/div>\n<input type=\"hidden\" name=\"trp-form-language\" value=\"va\"\/><\/form>\n<\/div>\n<\/div><\/div><\/div><\/div><div class=\"vc_row wpb_row vc_row-fluid\"><div class=\"wpb_column vc_column_container vc_col-sm-12\"><div class=\"vc_column-inner\"><div class=\"wpb_wrapper\"><div class=\"vc_empty_space\"   style=\"height: 32px\"><span class=\"vc_empty_space_inner\"><\/span><\/div><\/div><\/div><\/div><\/div><div class=\"vc_row wpb_row vc_row-fluid\"><div class=\"wpb_column vc_column_container vc_col-sm-12\"><div class=\"vc_column-inner\"><div class=\"wpb_wrapper\"><h2 style=\"font-size: 30px;color: #002147;line-height: 1.5;text-align: justify\" class=\"vc_custom_heading\" >M\u00e1s informaci\u00f3n<\/h2><div class=\"vc_separator wpb_content_element vc_separator_align_center vc_sep_width_10 vc_sep_border_width_3 vc_sep_pos_align_left vc_separator_no_text\" ><span class=\"vc_sep_holder vc_sep_holder_l\"><span  style=\"border-color:#fdc800;\" class=\"vc_sep_line\"><\/span><\/span><span class=\"vc_sep_holder vc_sep_holder_r\"><span  style=\"border-color:#fdc800;\" class=\"vc_sep_line\"><\/span><\/span>\r\n<\/div><div class=\"rt-vc-contact-2\">  \r\n\t<ul class=\"rtin-item\">\r\n\t\t\t\t\t<li><i class=\"fa fa-map-marker\" aria-hidden=\"true\"><\/i>Avda. Cortes Valencianas, 73<br \/>\nTorrevieja (Alicante)<\/li>\r\n\t\t\t\t\t\t\t<li><i class=\"fa fa-envelope-o\" aria-hidden=\"true\"><\/i>info@centroalpe.es<\/li>\r\n\t\t \r\n\t\t\t\t\r\n\t\t\t<li><i class=\"fa fa-phone\" aria-hidden=\"true\"><\/i>965 714 104<\/li>\r\n\t\t\t\t\t<\/ul>\r\n<\/div><\/div><\/div><\/div><\/div><div class=\"vc_row wpb_row vc_row-fluid\"><div class=\"wpb_column vc_column_container vc_col-sm-12\"><div class=\"vc_column-inner\"><div class=\"wpb_wrapper\"><div class=\"vc_empty_space\"   style=\"height: 32px\"><span class=\"vc_empty_space_inner\"><\/span><\/div><\/div><\/div><\/div><\/div><div class=\"vc_row wpb_row vc_row-fluid\"><div class=\"wpb_column vc_column_container vc_col-sm-12\"><div class=\"vc_column-inner\"><div class=\"wpb_wrapper\"><div class=\"wpb_gmaps_widget wpb_content_element\"><div class=\"wpb_wrapper\"><div class=\"wpb_map_wraper\"><iframe loading=\"lazy\" src=\"https:\/\/www.google.com\/maps\/embed?pb=!1m14!1m8!1m3!1d12576.75254635897!2d-0.6717906703476738!3d37.99607195590684!3m2!1i1024!2i768!4f13.1!3m3!1m2!1s0x0%3A0x6c64983e7116abf5!2sCentro+Alpe!5e0!3m2!1ses!2ses!4v1547048602135\" width=\"600\" height=\"450\" frameborder=\"0\" style=\"border:0\" allowfullscreen><\/iframe><\/div><\/div><\/div><\/div><\/div><\/div><\/div>","protected":false},"excerpt":{"rendered":"Rellena el formulario para enviarnos tu curriculum Abre el siguiente desplegable y selecciona tu especialidad: &#8212;Por favor, elige una opci\u00f3n&#8212;Maestro\/a pedagog\u00eda terap\u00e9uticaMaestro\/a educaci\u00f3n f\u00edsicaMaestro\/a m\u00fasicaMaestro de audici\u00f3n y lenguajeMonitor\/a ocupacionalCuidador\/aPsic\u00f3logo\/aFisioterapeutaAuxiliar transporteAuxiliar comedorIntegrador\/a Social Selecciona y env\u00eda tu curriculum (Solo se admite formato .pdf y m\u00e1ximo de 10mb). Los datos personales que obren en su Curr\u00edculum [...]","protected":false},"author":2,"featured_media":0,"parent":0,"menu_order":0,"comment_status":"closed","ping_status":"closed","template":"","meta":{"footnotes":""},"class_list":["post-2890","page","type-page","status-publish","hentry"],"_links":{"self":[{"href":"https:\/\/centroalpe.es\/va\/wp-json\/wp\/v2\/pages\/2890","targetHints":{"allow":["GET"]}}],"collection":[{"href":"https:\/\/centroalpe.es\/va\/wp-json\/wp\/v2\/pages"}],"about":[{"href":"https:\/\/centroalpe.es\/va\/wp-json\/wp\/v2\/types\/page"}],"author":[{"embeddable":true,"href":"https:\/\/centroalpe.es\/va\/wp-json\/wp\/v2\/users\/2"}],"replies":[{"embeddable":true,"href":"https:\/\/centroalpe.es\/va\/wp-json\/wp\/v2\/comments?post=2890"}],"version-history":[{"count":7,"href":"https:\/\/centroalpe.es\/va\/wp-json\/wp\/v2\/pages\/2890\/revisions"}],"predecessor-version":[{"id":2898,"href":"https:\/\/centroalpe.es\/va\/wp-json\/wp\/v2\/pages\/2890\/revisions\/2898"}],"wp:attachment":[{"href":"https:\/\/centroalpe.es\/va\/wp-json\/wp\/v2\/media?parent=2890"}],"curies":[{"name":"wp","href":"https:\/\/api.w.org\/{rel}","templated":true}]}}