{"id":2682,"date":"2019-07-24T09:59:00","date_gmt":"2019-07-24T09:59:00","guid":{"rendered":"http:\/\/centroalpe.es\/?page_id=2682"},"modified":"2024-11-12T10:09:15","modified_gmt":"2024-11-12T09:09:15","slug":"aviso-legal","status":"publish","type":"page","link":"https:\/\/centroalpe.es\/va\/aviso-legal\/","title":{"rendered":"Aviso legal"},"content":{"rendered":"<p class=\"p1\"><span class=\"s1\"><b>AVISO LEGAL<\/b><\/span><\/p>\n<p class=\"p3\"><span class=\"s1\">Te agradecemos que hayas decidido visitarnos. Queremos que tu experiencia en el sitio sea lo mejor posible.<\/span><\/p>\n<p class=\"p3\"><span class=\"s1\">Para acceder nuestros servicios, declaras que <b>eres mayor de edad<\/b> y que tienes capacidad legal de obrar de acuerdo a tu ley nacional.<\/span><\/p>\n<p class=\"p3\"><span class=\"s1\">El acceso y la navegaci\u00f3n en el sitio web, o el uso de los servicios del mismo, implican la aceptaci\u00f3n expresa e \u00edntegra de estas todas y cada una de las presentes Condiciones Generales, incluidas tanto las Condiciones Particulares fijadas para ciertas promociones como la Pol\u00edtica de Privacidad y Cookies, relativa a las finalidades de los tratamientos de los datos que nos facilites. Por favor, te recomendamos que las leas atentamente.<\/span><\/p>\n<p class=\"p5\"><span class=\"s1\"><b>1. Informaci\u00f3n Legal.<\/b><\/span><\/p>\n<p class=\"p3\"><span class=\"s1\">En cumplimiento de la Ley 34\/2002, de 11 de julio, de Servicios de la Sociedad de la Informaci\u00f3n y del Comercio Electr\u00f3nico, los datos identificativos del titular del Portal Web son:<\/span><\/p>\n<p class=\"p6\"><span class=\"s1\"><b>ALPE Asociaci\u00f3n comarcal para la rehabilitaci\u00f3n de las personas con discapacidad ALPE<\/b><\/span><\/p>\n<p class=\"p6\"><span class=\"s1\">Avenida de las cortes valencianas 73, 03183, Torrevieja (Alicante).<\/span><\/p>\n<p class=\"p6\"><span class=\"s1\">G03106747.<\/span><\/p>\n<p class=\"p3\"><span class=\"s1\">Para cualquier duda o consulta, puede ponerse en contacto con nosotros a trav\u00e9s del Telf: <a href=\"tel:965%20714%20104\"><span class=\"s2\">965 714 104<\/span><\/a>, e-mail: <a href=\"mailto:info@centroalpe.es\"><span class=\"s3\">info@centroalpe.es<\/span><\/a>\u00a0<\/span><\/p>\n<p class=\"p3\"><span class=\"s1\">El acceso a sitio web supone la aceptaci\u00f3n expresa del Usuario a las presentes Condiciones Generales de Uso, que podr\u00e1n ser modificadas o sustituidas por su titular en cualquier momento y sin previo aviso.<\/span><\/p>\n<p class=\"p5\"><span class=\"s1\"><b>2. Condiciones Generales de Uso.<\/b><\/span><\/p>\n<p class=\"p3\"><span class=\"s1\">Las siguientes Condiciones Generales regulan el uso y acceso al portal Web, cuya finalidad es ser puerta de entrada a Asociaci\u00f3n comarcal para la rehabilitaci\u00f3n de las personas con discapacidad ALPE<\/span><span class=\"s1\">, ofreciendo a los usuarios informaci\u00f3n, servicios y contenidos v\u00eda Web. A trav\u00e9s de la p\u00e1gina web, el Usuario tiene acceso a informaci\u00f3n sobre productos y servicios espec\u00edficos, herramientas y aplicaciones.<\/span><\/p>\n<p class=\"p3\"><span class=\"s1\">Los datos e informaciones sobre productos o servicios, precios y caracter\u00edsticas u otros datos relevantes ofrecidos a trav\u00e9s de la p\u00e1gina web son realizados, proporcionados y actualizados por Proveedores y terceras empresas. Asociaci\u00f3n comarcal para la rehabilitaci\u00f3n de las personas con discapacidad ALPE<\/span><span class=\"s1\">\u00a0no es, en ning\u00fan caso, responsable de dichos datos e informaciones ni asume ninguna obligaci\u00f3n sobre los mismos.<\/span><\/p>\n<p class=\"p3\"><span class=\"s1\">El Usuario se compromete a hacer un uso adecuado de los contenidos, servicios, aplicaciones y herramientas que est\u00e1n accesibles, con sujeci\u00f3n a la Ley y a las presentes Condiciones Generales de Uso y, en su caso a las Condiciones Particulares que puedan establecerse para el acceso a determinados servicios y aplicaciones, respetando en todo momento a los dem\u00e1s Usuarios de la misma.<\/span><\/p>\n<p class=\"p3\"><span class=\"s1\">En caso de incumplimiento total o parcial por el Usuario de las presentes condiciones Generales de Uso, Asociaci\u00f3n comarcal para la rehabilitaci\u00f3n de las personas con discapacidad ALPE<\/span><span class=\"s1\">\u00a0se reserva el derecho de denegar el acceso a sin necesidad de previo aviso al Usuario.<\/span><\/p>\n<p class=\"p5\"><span class=\"s1\"><b>3. Obligaciones Generales del Usuario.<\/b><\/span><\/p>\n<p class=\"p3\"><span class=\"s1\">El Usuario, al aceptar las presentes condiciones Generales de Uso, se obliga expresamente a:<\/span><\/p>\n<ul>\n<li class=\"p7\"><span class=\"s1\">No realizar ninguna acci\u00f3n destinada perjudicar, bloquear, da\u00f1ar, inutilizar, sobrecargar, de forma temporal o definitiva, las funcionalidades, herramientas, contenidos y\/o la infraestructura de la p\u00e1gina web, de manera que impida su normal utilizaci\u00f3n.<\/span><\/li>\n<li class=\"p7\"><span class=\"s1\">Custodiar y mantener la confidencialidad de las claves de acceso asociadas a su nombre de Usuario, siendo responsable de la utilizaci\u00f3n de dichas claves de acceso personales e intransferibles por parte de terceros.<\/span><\/li>\n<li class=\"p7\"><span class=\"s1\">No introducir ni realizar contenidos injuriosos o calumniosos, tanto de otros Usuarios como de terceras empresas ajenas a Asociaci\u00f3n comarcal para la rehabilitaci\u00f3n de las personas con discapacidad ALPE<\/span><span class=\"s1\">.<\/span><\/li>\n<li class=\"p7\"><span class=\"s1\">No utilizar cualquiera de los materiales e informaciones contenidos en este Sitio Web con fines il\u00edcitos y expresamente prohibidos en las presentes Condiciones Generales de Uso, as\u00ed como a las condiciones particulares que, en su caso, se establezcan para determinadas aplicaciones y\/o utilidades y que resulten contrarios a los derechos e intereses de Asociaci\u00f3n comarcal para la rehabilitaci\u00f3n de las personas con discapacidad ALPE<\/span><span class=\"s1\">, sus usuarios y\/o terceros.<\/span><\/li>\n<li class=\"p7\"><span class=\"s1\">No ofertar ni distribuir productos y servicios, ni realizar publicidad o comunicaciones comerciales no solicitadas a otros Usuarios y visitantes de<span class=\"Apple-converted-space\">\u00a0 Asociaci\u00f3n comarcal para la rehabilitaci\u00f3n de las personas con discapacidad ALPE<\/span><\/span><span class=\"s1\">.<\/span><\/li>\n<\/ul>\n<p class=\"p3\"><span class=\"s1\">El Usuario responder\u00e1 de los todos los da\u00f1os y perjuicios de toda naturaleza que<span class=\"Apple-converted-space\">\u00a0 Asociaci\u00f3n comarcal para la rehabilitaci\u00f3n de las personas con discapacidad ALPE<\/span><\/span><span class=\"s1\">\u00a0o cualquier tercero pueda sufrir como consecuencia del incumplimiento de cualesquiera de las obligaciones a las que queda sometido por virtud de estas \u201cCondiciones Generales de Uso\u201d o de la ley en relaci\u00f3n con el acceso y\/o utilizaci\u00f3n de la p\u00e1gina .<\/span><\/p>\n<p class=\"p5\"><span class=\"s1\"><b>4. Propiedad Intelectual e Industrial.<\/b><\/span><\/p>\n<p class=\"p3\"><span class=\"s1\">El sitio web, las p\u00e1ginas que comprende y la informaci\u00f3n o elementos contenidos en las mismas (incluyendo textos, documentos, fotograf\u00edas, dibujos, representaciones gr\u00e1ficas, entre otros), as\u00ed como logotipos, marcas, nombres comerciales u otros signos distintivos, se encuentran protegidos por derechos de propiedad intelectual o industrial, de los que Asociaci\u00f3n comarcal para la rehabilitaci\u00f3n de las personas con discapacidad ALPE<\/span><span class=\"s1\">\u00a0es titular o ostenta autorizaci\u00f3n para su utilizaci\u00f3n y comunicaci\u00f3n p\u00fablica de los leg\u00edtimos titulares de las mismas.<\/span><\/p>\n<p class=\"p3\"><span class=\"s1\">El Usuario se obliga a usar los contenidos de forma diligente y correcta, de acuerdo a la ley, la moral y el orden p\u00fablico. Asociaci\u00f3n comarcal para la rehabilitaci\u00f3n de las personas con discapacidad ALPE<\/span><span class=\"s1\"> autoriza al Usuario para visualizar la informaci\u00f3n que se contiene en este sitio web, as\u00ed como para efectuar reproducciones privadas (simple actividad de descarga y almacenamiento en sus sistemas inform\u00e1ticos), siempre y cuando los elementos sean destinados \u00fanicamente al uso personal. En ning\u00fan caso, ello significar\u00e1 una autorizaci\u00f3n o licencia sobre los derechos de propiedad de Asociaci\u00f3n comarcal para la rehabilitaci\u00f3n de las personas con discapacidad ALPE<\/span><span class=\"s1\">\u00a0o de los leg\u00edtimos titulares de las mismas.<\/span><\/p>\n<p class=\"p3\"><span class=\"s1\">El Usuario no est\u00e1 autorizado para proceder a la distribuci\u00f3n, modificaci\u00f3n, cesi\u00f3n o comunicaci\u00f3n p\u00fablica de la informaci\u00f3n contenida en esta Web en cualquier forma y cualquiera que sea su finalidad.<\/span><\/p>\n<p class=\"p5\"><span class=\"s1\"><b>5. Enlaces.<\/b><\/span><\/p>\n<p class=\"p3\"><span class=\"s1\">Las conexiones y enlaces a sitios o p\u00e1ginas Web de terceros se han establecido \u00fanicamente como una utilidad para el Usuario. Asociaci\u00f3n comarcal para la rehabilitaci\u00f3n de las personas con discapacidad ALPE<\/span><span class=\"s1\">\u00a0no es, en ning\u00fan caso, responsable de las mismas o de su contenido.<\/span><\/p>\n<p class=\"p3\"><span class=\"s1\">Asociaci\u00f3n comarcal para la rehabilitaci\u00f3n de las personas con discapacidad ALPE no asume ninguna responsabilidad derivada de la existencia de enlaces entre los contenidos de este sitio y contenidos situados fuera del mismo o de cualquier otra menci\u00f3n de contenidos externos a este sitio. Tales enlaces o menciones tienen una finalidad exclusivamente informativa y, en ning\u00fan caso, implican el apoyo, aprobaci\u00f3n, comercializaci\u00f3n o relaci\u00f3n alguna entre Asociaci\u00f3n comarcal para la rehabilitaci\u00f3n de las personas con discapacidad ALPE<\/span><span class=\"s1\">\u00a0y las personas o entidades autoras y\/o gestoras de tales contenidos o titulares de los sitios donde se encuentren.<\/span><\/p>\n<p class=\"p3\"><span class=\"s1\">Para realizar enlaces con la p\u00e1gina Web ser\u00e1 necesaria la autorizaci\u00f3n expresa y por escrito de los titulares del portal.<\/span><\/p>\n<p class=\"p5\"><span class=\"s1\"><b>6. Responsabilidad.<\/b><\/span><\/p>\n<p class=\"p3\"><span class=\"s1\">Asociaci\u00f3n comarcal para la rehabilitaci\u00f3n de las personas con discapacidad ALPE no garantiza el acceso continuado, ni la correcta visualizaci\u00f3n, descarga o utilidad de los elementos e informaci\u00f3n contenidos en las p\u00e1ginas del portal que pueden verse impedidos, dificultados o interrumpidos por factores o circunstancias fuera de su control o ajenas a su voluntad, ni de aquellos que sean producidos por la existencia de virus inform\u00e1ticos en Internet.<\/span><\/p>\n<p class=\"p3\"><span class=\"s4\">Asociaci\u00f3n comarcal para la rehabilitaci\u00f3n de las personas con discapacidad ALPE <\/span><span class=\"s1\">no asume responsabilidad alguna por da\u00f1os, perjuicios, p\u00e9rdidas, reclamaciones o gastos, producidos por:<\/span><\/p>\n<ul>\n<li class=\"p8\"><span class=\"s1\">(I) Interferencias, interrupciones, fallos, omisiones, retrasos, bloqueos o desconexiones, motivadas por errores en las l\u00edneas y redes de telecomunicaciones o por cualquier otra causa ajena al control de Asociaci\u00f3n comarcal para la rehabilitaci\u00f3n de las personas con discapacidad ALPE<\/span><span class=\"s1\">.<\/span><\/li>\n<li class=\"p8\"><span class=\"s1\">(II) Intromisiones ileg\u00edtimas mediante el uso de programas malignos de cualquier tipo y a trav\u00e9s de cualquier medio de comunicaci\u00f3n, tales como virus inform\u00e1ticos o cualesquiera otros;<\/span><\/li>\n<li class=\"p9\"><span class=\"s2\">(III) Uso indebido o inadecuado de la p\u00e1gina web de Asociaci\u00f3n comarcal para la rehabilitaci\u00f3n de las personas con discapacidad ALPE<\/span><\/li>\n<li class=\"p8\"><span class=\"s1\">(IV) Errores de seguridad o navegaci\u00f3n producidos por un mal funcionamiento del navegador o por el uso de versiones no actualizadas.<\/span><\/li>\n<\/ul>\n<p class=\"p3\"><span class=\"s1\">Asociaci\u00f3n comarcal para la rehabilitaci\u00f3n de las personas con discapacidad ALPE no es responsable ni en ning\u00fan caso responder\u00e1 frente a los usuarios y a terceros sobre actos de cualquier tercero ajeno a Asociaci\u00f3n comarcal para la rehabilitaci\u00f3n de las personas con discapacidad ALPE<\/span><span class=\"s1\">\u00a0que conlleve o pueda suponer la realizaci\u00f3n de actos de competencia desleal y publicidad il\u00edcita o la infracci\u00f3n de los derechos de propiedad intelectual e industrial, de los secretos empresariales, de compromisos contractuales de cualquier clase, de los derechos al honor, a la intimidad personal y familiar y a la imagen, de los derechos de propiedad y de toda otra naturaleza pertenecientes a un tercero por raz\u00f3n de la transmisi\u00f3n, difusi\u00f3n, almacenamiento, puesta a disposici\u00f3n, recepci\u00f3n, obtenci\u00f3n o acceso a los contenidos.<\/span><\/p>\n<p class=\"p5\"><span class=\"s1\"><b>7. Protecci\u00f3n de Datos de Car\u00e1cter Personal.<\/b><\/span><\/p>\n<p class=\"p3\"><span class=\"s1\">Toda la pol\u00edtica de tratamiento de datos personales la encontrar\u00e1s en la Pol\u00edtica de Privacidad, que forma parte integrante de estas Condiciones Generales pero que, por simplicidad, hemos puesto en un documento aparte: <\/span><span class=\"s5\">Pol\u00edtica de Privacidad<\/span><span class=\"s1\">.<\/span><\/p>\n<p class=\"p5\"><span class=\"s1\"><b>8.- Legislaci\u00f3n.<\/b><\/span><\/p>\n<p class=\"p3\"><span class=\"s1\">El presente Aviso Legal y sus t\u00e9rminos y condiciones se regir\u00e1n e interpretar\u00e1n de acuerdo con la Legislaci\u00f3n Espa\u00f1ola. El usuario, por el solo hecho de acceder a la p\u00e1gina web u obtener la condici\u00f3n de usuario registrado otorga, de forma irrevocable, su consentimiento a que los Tribunales competentes por defecto puedan conocer de cualquier acci\u00f3n judicial derivada de o relacionada con las presentes condiciones, o con su uso de este Sitio o la navegaci\u00f3n realizada por el mismo.<\/span><\/p>\n<p class=\"p3\"><span class=\"s1\">Si alguna cl\u00e1usula o apartado de las presentes Condiciones Generales, que no sea de naturaleza esencial para la existencia del mismo, es declarada nula o inaplicable, la validez de las restantes cl\u00e1usulas no se ver\u00e1 afectada.<\/span><\/p>","protected":false},"excerpt":{"rendered":"<p>AVISO LEGAL Te agradecemos que hayas decidido visitarnos. Queremos que tu experiencia en el sitio sea lo mejor posible. Para acceder nuestros servicios, declaras que eres mayor de edad y que tienes capacidad legal de obrar de acuerdo a tu ley nacional. El acceso y la navegaci\u00f3n en el sitio web, o el uso de [&hellip;]<\/p>\n","protected":false},"author":2,"featured_media":0,"parent":0,"menu_order":0,"comment_status":"closed","ping_status":"closed","template":"","meta":{"footnotes":""},"class_list":["post-2682","page","type-page","status-publish","hentry"],"_links":{"self":[{"href":"https:\/\/centroalpe.es\/va\/wp-json\/wp\/v2\/pages\/2682","targetHints":{"allow":["GET"]}}],"collection":[{"href":"https:\/\/centroalpe.es\/va\/wp-json\/wp\/v2\/pages"}],"about":[{"href":"https:\/\/centroalpe.es\/va\/wp-json\/wp\/v2\/types\/page"}],"author":[{"embeddable":true,"href":"https:\/\/centroalpe.es\/va\/wp-json\/wp\/v2\/users\/2"}],"replies":[{"embeddable":true,"href":"https:\/\/centroalpe.es\/va\/wp-json\/wp\/v2\/comments?post=2682"}],"version-history":[{"count":5,"href":"https:\/\/centroalpe.es\/va\/wp-json\/wp\/v2\/pages\/2682\/revisions"}],"predecessor-version":[{"id":4362,"href":"https:\/\/centroalpe.es\/va\/wp-json\/wp\/v2\/pages\/2682\/revisions\/4362"}],"wp:attachment":[{"href":"https:\/\/centroalpe.es\/va\/wp-json\/wp\/v2\/media?parent=2682"}],"curies":[{"name":"wp","href":"https:\/\/api.w.org\/{rel}","templated":true}]}}