{"id":2680,"date":"2019-09-23T15:57:03","date_gmt":"2019-09-23T15:57:03","guid":{"rendered":"http:\/\/centroalpe.es\/?page_id=2680"},"modified":"2019-10-01T11:52:59","modified_gmt":"2019-10-01T11:52:59","slug":"politica-de-cookies","status":"publish","type":"page","link":"https:\/\/centroalpe.es\/va\/politica-de-cookies\/","title":{"rendered":"Pol\u00edtica de cookies"},"content":{"rendered":"<p class=\"p1\"><span class=\"s1\"><b>POL\u00cdTICA DE COOKIES DE https:\/\/www.centroalpe.es<\/b><\/span><\/p>\n<p class=\"p2\"><span class=\"s1\">Esta Pol\u00edtica de Cookies es parte integrante del Aviso Legal y la Pol\u00edtica de Privacidad de <\/span><span class=\"s2\">Asociaci\u00f3n Comarcal para la Rehabilitaci\u00f3n del Discapacitado<\/span><span class=\"s1\">. El acceso y la navegaci\u00f3n en el sitio, o el uso de los servicios del mismo, implican la aceptaci\u00f3n de las Condiciones Generales establecidas en nuestro Aviso Legal (y por tanto de la Pol\u00edtica de Privacidad y Pol\u00edtica de Cookies). Por favor, l\u00e9alas atentamente.<\/span><\/p>\n<p class=\"p2\"><span class=\"s1\">Le agradecemos que haya decidido visitarnos. Queremos que su experiencia en el sitio sea lo mejor posible, y por ese motivo hemos escrito esta Pol\u00edtica de Cookies de la forma m\u00e1s transparente posible.<\/span><\/p>\n<p class=\"p3\"><span class=\"s1\"><b>\u00bfQu\u00e9 es una Cookie?<\/b><\/span><\/p>\n<p class=\"p2\"><span class=\"s1\">Las cookies son archivos que contienen peque\u00f1as cantidades de informaci\u00f3n que se descargan en el dispositivo del usuario que se utiliza cuando visita un sitio web. Su finalidad principal es reconocer al usuario cada vez que accede a <\/span><span class=\"s2\">Asociaci\u00f3n Comarcal para la Rehabilitaci\u00f3n del Discapacitado<\/span><span class=\"s1\"> y nos permite, adem\u00e1s, mejorar la calidad y la usabilidad de nuestra web.<\/span><\/p>\n<p class=\"p2\"><span class=\"s1\">Las cookies son esenciales para el funcionamiento de Internet; no pueden da\u00f1ar el equipo\/dispositivo del usuario y, si se encuentran activadas en la configuraci\u00f3n de su navegador, nos ayudan a identificar y resolver posibles errores de funcionamiento de <\/span><span class=\"s2\">https:\/\/www.centroalpe.es.<\/span><\/p>\n<p class=\"p3\"><span class=\"s1\"><b>Tipos de Cookies<\/b><\/span><\/p>\n<p class=\"p2\"><span class=\"s1\">Hay diferentes tipos de cookies. Todas ellos trabajan de la misma manera, pero tienen peque\u00f1as diferencias:<\/span><\/p>\n<ul>\n<li class=\"p4\"><span class=\"s1\"> a) <\/span><span class=\"s3\">Cookies de Sesi\u00f3n<\/span><span class=\"s1\">. Las cookies de sesi\u00f3n perduran solamente por la duraci\u00f3n de su visita y se borran cuando se cierra el navegador. Su finalidad principal es identificar el tipo de dispositivo, apoyar la seguridad del sitio web o su funcionalidad b\u00e1sica. No contienen informaci\u00f3n personal que nos permita identificar a una persona.<\/span><\/li>\n<li class=\"p4\"><span class=\"s1\"> b) <\/span><span class=\"s3\">Cookies Persistentes o Permanentes<\/span><span class=\"s1\">: Se almacenan en el disco duro del dispositivo y nuestra web las lee cada vez que se realiza una nueva visita a <\/span><span class=\"s2\">https:\/\/www.centroalpe.es<\/span><span class=\"s1\">; posee una fecha de caducidad o expiraci\u00f3n determinada, cumplida la cual la cookie deja de funcionar. Nos permiten identificar sus acciones y preferencias; analizar las visitas y nos ayudan a comprender c\u00f3mo llegan los usuarios a nuestra p\u00e1gina y mejorar nuestros servicios.<\/span><\/li>\n<li class=\"p4\"><span class=\"s1\"> c) <\/span><span class=\"s3\">Cookies de Funcionalidad<\/span><span class=\"s1\">: Permiten a <\/span><span class=\"s2\">https:\/\/www.centroalpe.es<\/span><span class=\"s1\"> recordar decisiones adoptadas por el usuario, como su login o identificador.<br \/>\nLa informaci\u00f3n que estas cookies recogen se anonimiza (es decir, no contiene ni su nombre, direcci\u00f3n, u otros datos).<\/span><\/li>\n<li class=\"p4\"><span class=\"s1\"> d) <\/span><span class=\"s3\">Cookies de Terceros<\/span><span class=\"s1\">. Las cookies de terceros son las cookies que instala un sitio web que no es el que est\u00e1 visitando; por ejemplo, las usadas por redes sociales (como Facebook) o por complementos externos de contenido (como Google Maps). Adem\u00e1s, algunas empresas de publicidad usan este tipo de archivos para realizar un seguimiento de sus visitas en cada sitio en el que se anuncian.<\/span><\/li>\n<li class=\"p4\"><span class=\"s1\"> e) <\/span><span class=\"s3\">Cookies Anal\u00edticas<\/span><span class=\"s1\">: Son cookies que tienen por finalidad el mantenimiento peri\u00f3dico y garantizar el mejor funcionamiento y servicio al usuario; recopilando datos de su actividad.<\/span><\/li>\n<\/ul>\n<p class=\"p3\"><span class=\"s1\"><b>Uso de Cookies por parte de http:\/\/www.centroalpe.es.<\/b><\/span><\/p>\n<p class=\"p2\"><span class=\"s1\">Mediante el acceso a <\/span><span class=\"s2\">http:\/\/www.centroalpe.es<\/span><span class=\"s1\">, acepta de manera expresa que podamos usar este tipo de cookies en sus dispositivos. Si desactiva las cookies, puede que su navegaci\u00f3n por <\/span><span class=\"s2\">https:\/\/www.centroalpe.es<\/span><span class=\"s1\"> no sea \u00f3ptima y algunas de las utilidades que dispone <\/span><span class=\"s2\">https:\/\/www.centroalpe.es<\/span><span class=\"s1\"> no funcionen correctamente.<\/span><\/p>\n<p class=\"p3\"><b> <\/b><span class=\"s1\"><b>a) Cookies propias<\/b><\/span><\/p>\n<p class=\"p6\"><span class=\"s1\">Con el fin de reconocerte y prestarte un mejor servicio, nuestro sitio utiliza cookies (peque\u00f1os archivos de texto que tu navegador almacena) propias. Las ventajas que conlleva la aceptaci\u00f3n de nuestras cookies se traduce en un ahorro de tiempo. Asimismo pueden ser utilizadas tambi\u00e9n para reconocerte entre visitas sucesivas y as\u00ed adaptar el contenido que se te muestra, para obtener informaci\u00f3n acerca de la fecha y hora de tu \u00faltima visita, medir algunos par\u00e1metros de tr\u00e1fico dentro del propio sitio, y estimar el n\u00famero de visitas realizadas, de manera que podamos enfocar y ajustar los servicios y promociones de forma m\u00e1s efectiva.<\/span><\/p>\n<p class=\"p6\"><span class=\"s1\">Ninguna cookie permite que pueda contactarse con tu n\u00famero de tel\u00e9fono, tu direcci\u00f3n de correo electr\u00f3nico o con cualquier otro medio de contacto. Ninguna cookie puede extraer informaci\u00f3n de tu disco duro o robar informaci\u00f3n personal.<\/span><\/p>\n<p class=\"p3\"><b><\/b><span class=\"s1\">El sitio utiliza el servicio Google Analytics, que es prestado por Google, Inc., entidad cuya oficina principal est\u00e1 en 1600 Amphitheatre Parkway, Mountain View (California), CA 94043, Estados Unidos (&#8220;Google&#8221;).<b>b) Cookies de Terceros. Cookies de Google Analytics<\/b><\/span><\/p>\n<p class=\"p6\"><span class=\"s1\">Google Analytics utiliza cookies para ayudarnos a analizar el uso que hacen los usuarios del sitio. La informaci\u00f3n que genera la cookie acerca del uso del sitio (incluyendo su direcci\u00f3n IP) ser\u00e1 directamente transmitida y archivada por Google en sus servidores de Estados Unidos. Google usar\u00e1 esta informaci\u00f3n por cuenta nuestra con el prop\u00f3sito de seguir la pista de su uso del sitio, recopilando informes de la actividad del sitio y prestando otros servicios relacionados con la actividad del sitio y el uso de Internet. Google podr\u00e1 transmitir dicha informaci\u00f3n a terceros cuando as\u00ed se lo requiera la legislaci\u00f3n, o cuando dichos terceros procesen la informaci\u00f3n por cuenta de Google. Google no asociar\u00e1 tu direcci\u00f3n IP con ning\u00fan otro dato del que disponga Google.<\/span><\/p>\n<p class=\"p6\"><span class=\"s1\">Si lo desea puede rechazar el tratamiento de los datos o la informaci\u00f3n rechazando el uso de cookies mediante la selecci\u00f3n de la configuraci\u00f3n apropiada de su navegador. Sin embargo, si lo hace, puede ser que no puedas usar la plena funcionabilidad de este sitio. Al utilizar este sitio consiente en el tratamiento de su informaci\u00f3n por Google en la forma y para los fines arriba indicados.<\/span><\/p>\n<p><strong>[render_cookies_list]<\/strong><\/p>\n<p class=\"p3\"><span class=\"s1\"><span class=\"s1\"><b>Configuraci\u00f3n del usuario para evitar Cookies.<\/b><\/span><\/span><\/p>\n<p class=\"p3\"><span class=\"s1\"><span class=\"s1\">Desde <\/span><span class=\"s2\">http:\/\/www.centroalpe.es<\/span><span class=\"s1\"> y en cumplimiento de la normativa legal vigente, ponemos a su disposici\u00f3n la informaci\u00f3n que le permita configurar su navegador\/navegadores de Internet para mantener su privacidad y seguridad en relaci\u00f3n a las cookies. Por ello, le facilitamos la informaci\u00f3n y enlaces a los sitos de soporte oficiales de los principales navegadores para que pueda decidir si desea o no aceptar el uso de cookies.<\/span><b>Configuraci\u00f3n del usuario para evitar Cookies.<\/b><\/span><\/p>\n<p class=\"p2\"><span class=\"s1\">As\u00ed, puede bloquear las cookies a trav\u00e9s de las herramientas de configuraci\u00f3n del navegador o bien puede configurar su navegador para que le avise cuando un servidor quiera guardar una cookie:<\/span><\/p>\n<p class=\"p13\"><span class=\"s1\">a)\u00a0\u00a0\u00a0 Si utiliza Microsoft Internet Explorer, en la opci\u00f3n de men\u00fa Herramientas &gt; Opciones de Internet &gt; Privacidad &gt; Configuraci\u00f3n. Para saber m\u00e1s visite: <\/span><\/p>\n<p class=\"p13\"><span class=\"s1\"><a href=\"http:\/\/windows.microsoft.com\/es-es\/windows-vista\/block-or-allow-cookies\" target=\"_blank\" rel=\"noopener\"><span class=\"s4\">http:\/\/windows.microsoft.com\/es-es\/windows-vista\/block-or-allow-cookies<\/span><\/a><\/span><\/p>\n<p class=\"p13\"><span class=\"s1\"><a href=\"http:\/\/windows.microsoft.com\/es-es\/windows7\/how-to-manage-cookies-in-internet-explorer-9\" target=\"_blank\" rel=\"noopener\"><span class=\"s4\">http:\/\/windows.microsoft.com\/es-es\/windows7\/how-to-manage-cookies-in-internet-explorer-9<\/span><\/a>.<\/span><\/p>\n<p class=\"p13\"><span class=\"s1\">b)\u00a0\u00a0\u00a0 Si utiliza Firefox, en la opci\u00f3n de men\u00fa Herramientas &gt; Opciones &gt; Privacidad &gt; Cookies. Para saber m\u00e1s visite <a href=\"http:\/\/support.mozilla.org\/es\/products\/firefox\/cookies\" target=\"_blank\" rel=\"noopener\"><span class=\"s4\">http:\/\/support.mozilla.org\/es\/products\/firefox\/cookies<\/span><\/a>.<\/span><\/p>\n<p class=\"p13\"><span class=\"s1\">c)\u00a0\u00a0\u00a0\u00a0 Si utiliza Chrome, en la secci\u00f3n de Opciones &gt; Opciones avanzadas &gt; Privacidad. Para saber m\u00e1s <a href=\"http:\/\/support.google.com\/chrome\/bin\/answer.py?hl=es&amp;answer=95647\" target=\"_blank\" rel=\"noopener\"><span class=\"s4\">http:\/\/support.google.com\/chrome\/bin\/answer.py?hl=es&amp;answer=95647<\/span><\/a><\/span><\/p>\n<p class=\"p13\"><span class=\"s1\">d)\u00a0\u00a0\u00a0 Si utiliza Opera, en la opci\u00f3n de Seguridad y Privacidad, podr\u00e1 configurar el navegador. Para saber m\u00e1s visite <a href=\"http:\/\/www.opera.com\/help\/tutorials\/security\/cookies\/\" target=\"_blank\" rel=\"noopener\"><span class=\"s4\">http:\/\/www.opera.com\/help\/tutorials\/security\/cookies\/<\/span><\/a><\/span><\/p>\n<p class=\"p14\"><span class=\"s1\"> \u00a9 2010 SIGPAC\u00ae &#8211; Ref. DOC321298<span class=\"Apple-converted-space\">\u00a0 <\/span>v.<span class=\"Apple-converted-space\">\u00a0 <\/span>para Asociaci\u00f3n Comarcal para la Rehabilitaci\u00f3n del Discapacitado<\/span><\/p>\n","protected":false},"excerpt":{"rendered":"<p>POL\u00cdTICA DE COOKIES DE https:\/\/www.centroalpe.es Esta Pol\u00edtica de Cookies es parte integrante del Aviso Legal y la Pol\u00edtica de Privacidad de Asociaci\u00f3n Comarcal para la Rehabilitaci\u00f3n del Discapacitado. El acceso y la navegaci\u00f3n en el sitio, o el uso de los servicios del mismo, implican la aceptaci\u00f3n de las Condiciones Generales establecidas en nuestro Aviso [&hellip;]<\/p>\n","protected":false},"author":2,"featured_media":0,"parent":0,"menu_order":0,"comment_status":"closed","ping_status":"closed","template":"","meta":{"footnotes":""},"class_list":["post-2680","page","type-page","status-publish","hentry"],"_links":{"self":[{"href":"https:\/\/centroalpe.es\/va\/wp-json\/wp\/v2\/pages\/2680","targetHints":{"allow":["GET"]}}],"collection":[{"href":"https:\/\/centroalpe.es\/va\/wp-json\/wp\/v2\/pages"}],"about":[{"href":"https:\/\/centroalpe.es\/va\/wp-json\/wp\/v2\/types\/page"}],"author":[{"embeddable":true,"href":"https:\/\/centroalpe.es\/va\/wp-json\/wp\/v2\/users\/2"}],"replies":[{"embeddable":true,"href":"https:\/\/centroalpe.es\/va\/wp-json\/wp\/v2\/comments?post=2680"}],"version-history":[{"count":5,"href":"https:\/\/centroalpe.es\/va\/wp-json\/wp\/v2\/pages\/2680\/revisions"}],"predecessor-version":[{"id":2856,"href":"https:\/\/centroalpe.es\/va\/wp-json\/wp\/v2\/pages\/2680\/revisions\/2856"}],"wp:attachment":[{"href":"https:\/\/centroalpe.es\/va\/wp-json\/wp\/v2\/media?parent=2680"}],"curies":[{"name":"wp","href":"https:\/\/api.w.org\/{rel}","templated":true}]}}