{"id":2236,"date":"2019-04-02T08:29:44","date_gmt":"2019-04-02T08:29:44","guid":{"rendered":"http:\/\/centroalpe.es\/?page_id=2236"},"modified":"2025-02-27T19:26:40","modified_gmt":"2025-02-27T18:26:40","slug":"organigrama","status":"publish","type":"page","link":"https:\/\/centroalpe.es\/va\/organigrama\/","title":{"rendered":"Organigrama"},"content":{"rendered":"<div class=\"vc_row wpb_row vc_row-fluid\"><div class=\"wpb_column vc_column_container vc_col-sm-12\"><div class=\"vc_column-inner\"><div class=\"wpb_wrapper\">\r\n\t<div class=\"wpb_text_column wpb_content_element\" >\r\n\t\t<div class=\"wpb_wrapper\">\r\n\t\t\t<p class=\"Estilo39\" align=\"justify\">La Junta Directiva es elegida cada 4 a\u00f1os por medio de Asamblea General de socios y socias.\u00a0 Las personas que componen la Junta Directiva no perciben retribuci\u00f3n alguna.\u00a0 Anexamos certificado de la Directora Territorial de Gobernaci\u00f3n\u00a0 y Justicia sobre qui\u00e9n obstenta los cargos del \u00d3rgano de Representaci\u00f3n en nuestra entidad.<\/p>\n<p class=\"Estilo39\" style=\"text-align: justify;\" align=\"justify\">Alpe mantiene sus Centros por medio del equipo de profesionales y con voluntarios (cuando los hay).\u00a0 Este equipo de profesionales\u00a0 se rige por el VII Convenio colectivo de Centros y Servicios de Atenci\u00f3n a Personas con Discapacidad de la Comunidad Valenciana (C\u00f3d. 80000335011999) DOCV 24.10.2014.\u00a0 En dicho convenio se establecen las tablas salariales.\u00a0 Nuestros Centros est\u00e1n dirigidos\u00a0 por:<\/p>\n<p class=\"Estilo39\" align=\"justify\"><strong><a href=\"http:\/\/centroalpe.es\/va\/centro-ocupacional\/\">Centro Ocupacional<\/a>:<\/strong> M\u00aa Dolores Espinosa S\u00e1nchez<\/p>\n<div align=\"justify\"><span class=\"Estilo39\"><a href=\"http:\/\/centroalpe.es\/va\/centro-educacion-especial\/\"><strong>Colegio Educaci\u00f3n Especial:<\/strong><\/a> Ana L\u00f3pez Ramos<\/span><\/div>\n\r\n\t\t<\/div>\r\n\t<\/div>\r\n<\/div><\/div><\/div><\/div><div class=\"vc_row wpb_row vc_row-fluid vc_custom_1554193931915\"><div class=\"wpb_column vc_column_container vc_col-sm-12\"><div class=\"vc_column-inner\"><div class=\"wpb_wrapper\"><div class=\"vc_separator wpb_content_element vc_separator_align_center vc_sep_width_100 vc_sep_pos_align_center vc_separator_no_text vc_sep_color_grey\" ><span class=\"vc_sep_holder vc_sep_holder_l\"><span  class=\"vc_sep_line\"><\/span><\/span><span class=\"vc_sep_holder vc_sep_holder_r\"><span  class=\"vc_sep_line\"><\/span><\/span>\r\n<\/div><\/div><\/div><\/div><\/div><div class=\"vc_row wpb_row vc_row-fluid\"><div class=\"wpb_column vc_column_container vc_col-sm-12\"><div class=\"vc_column-inner\"><div class=\"wpb_wrapper\">\r\n\t<div class=\"wpb_text_column wpb_content_element\" >\r\n\t\t<div class=\"wpb_wrapper\">\r\n\t\t\t<h3 style=\"text-align: center;\"><a href=\"https:\/\/centroalpe.es\/wp-content\/uploads\/2025\/02\/ORGANIGRAMA-CENTRO-ALPE-2025.pdf\">DESCARGAR ORGANIGRAMA<\/a><\/h3>\n<p style=\"text-align: center;\"><a href=\"https:\/\/centroalpe.es\/wp-content\/uploads\/2025\/02\/ORGANIGRAMA-CENTRO-ALPE.pdf\" class=\"pdfemb-viewer\" style=\"\" data-width=\"max\" data-height=\"max\" data-toolbar=\"bottom\" data-toolbar-fixed=\"off\">ORGANIGRAMA - CENTRO ALPE<\/a><\/p>\n<p>\u00a0<\/p>\n\r\n\t\t<\/div>\r\n\t<\/div>\r\n<\/div><\/div><\/div><\/div><div class=\"vc_row wpb_row vc_row-fluid vc_custom_1554193931915\"><div class=\"wpb_column vc_column_container vc_col-sm-12\"><div class=\"vc_column-inner\"><div class=\"wpb_wrapper\"><div class=\"vc_separator wpb_content_element vc_separator_align_center vc_sep_width_100 vc_sep_pos_align_center vc_separator_no_text vc_sep_color_grey\" ><span class=\"vc_sep_holder vc_sep_holder_l\"><span  class=\"vc_sep_line\"><\/span><\/span><span class=\"vc_sep_holder vc_sep_holder_r\"><span  class=\"vc_sep_line\"><\/span><\/span>\r\n<\/div><\/div><\/div><\/div><\/div><div class=\"vc_row wpb_row vc_row-fluid vc_custom_1554194366262\"><div class=\"wpb_column vc_column_container vc_col-sm-4\"><div class=\"vc_column-inner\"><div class=\"wpb_wrapper\"><\/div><\/div><\/div><div class=\"wpb_column vc_column_container vc_col-sm-4\"><div class=\"vc_column-inner\"><div class=\"wpb_wrapper\"><div class=\"media rt-info-box  layout4 hvr-bounce-to-right\" style=\"\">\r\n    <div class=\"rtin-icon rounded\" style=\"\">\r\n                    <i class=\"fa fa-file-text\" aria-hidden=\"true\" style=\"\"><\/i>\r\n            <\/div>\r\n    <div class=\"media-body\">\r\n        <h3 class=\"media-heading\" style=\"font-size: 18px;\"><a href=\"http:\/\/centroalpe.es\/wp-content\/uploads\/2019\/04\/certificado-junta-directiva.pdf\">Certificado Junta Directiva<\/a><\/h3>\r\n            <\/div>\r\n    <div class=\"clear\"><\/div>\r\n<\/div><\/div><\/div><\/div><div class=\"wpb_column vc_column_container vc_col-sm-4\"><div class=\"vc_column-inner\"><div class=\"wpb_wrapper\"><\/div><\/div><\/div><\/div>","protected":false},"excerpt":{"rendered":"La Junta Directiva es elegida cada 4 a\u00f1os por medio de Asamblea General de socios y socias.\u00a0 Las personas que componen la Junta Directiva no perciben retribuci\u00f3n alguna.\u00a0 Anexamos certificado de la Directora Territorial de Gobernaci\u00f3n\u00a0 y Justicia sobre qui\u00e9n obstenta los cargos del \u00d3rgano de Representaci\u00f3n en nuestra entidad. Alpe mantiene sus Centros por [...]","protected":false},"author":2,"featured_media":0,"parent":0,"menu_order":0,"comment_status":"closed","ping_status":"closed","template":"","meta":{"footnotes":""},"class_list":["post-2236","page","type-page","status-publish","hentry"],"_links":{"self":[{"href":"https:\/\/centroalpe.es\/va\/wp-json\/wp\/v2\/pages\/2236","targetHints":{"allow":["GET"]}}],"collection":[{"href":"https:\/\/centroalpe.es\/va\/wp-json\/wp\/v2\/pages"}],"about":[{"href":"https:\/\/centroalpe.es\/va\/wp-json\/wp\/v2\/types\/page"}],"author":[{"embeddable":true,"href":"https:\/\/centroalpe.es\/va\/wp-json\/wp\/v2\/users\/2"}],"replies":[{"embeddable":true,"href":"https:\/\/centroalpe.es\/va\/wp-json\/wp\/v2\/comments?post=2236"}],"version-history":[{"count":22,"href":"https:\/\/centroalpe.es\/va\/wp-json\/wp\/v2\/pages\/2236\/revisions"}],"predecessor-version":[{"id":4484,"href":"https:\/\/centroalpe.es\/va\/wp-json\/wp\/v2\/pages\/2236\/revisions\/4484"}],"wp:attachment":[{"href":"https:\/\/centroalpe.es\/va\/wp-json\/wp\/v2\/media?parent=2236"}],"curies":[{"name":"wp","href":"https:\/\/api.w.org\/{rel}","templated":true}]}}