{"id":2230,"date":"2019-04-02T08:18:37","date_gmt":"2019-04-02T08:18:37","guid":{"rendered":"http:\/\/centroalpe.es\/?page_id=2230"},"modified":"2025-04-16T17:38:51","modified_gmt":"2025-04-16T15:38:51","slug":"como-asociarse","status":"publish","type":"page","link":"https:\/\/centroalpe.es\/va\/como-asociarse\/","title":{"rendered":"C\u00f3mo asociarse"},"content":{"rendered":"<div class=\"vc_row wpb_row vc_row-fluid\"><div class=\"wpb_column vc_column_container vc_col-sm-8\"><div class=\"vc_column-inner\"><div class=\"wpb_wrapper\">\r\n\t<div class=\"wpb_text_column wpb_content_element\" >\r\n\t\t<div class=\"wpb_wrapper\">\r\n\t\t\t<p style=\"text-align: justify;\">Seg\u00fan el art\u00edculo 6 de nuestros estatutos se ha de solicitar el ingreso por escrito y el \u00f3rgano de representaci\u00f3n decidir\u00e1 en la primera reuni\u00f3n que celebre.\u00a0 Adjuntamos impreso para rellenar.\u00a0 Si se desea domiciliar el pago se deber\u00e1 rellenar por duplicado y entregar una copia al banco. La cuota m\u00ednima es de 12 euros anuales para los nuevos socios.<\/p>\n\r\n\t\t<\/div>\r\n\t<\/div>\r\n<\/div><\/div><\/div><div class=\"wpb_column vc_column_container vc_col-sm-4\"><div class=\"vc_column-inner\"><div class=\"wpb_wrapper\"><div class=\"media rt-info-box  layout5\" style=\"\">\r\n    <div class=\"rtin-icon rounded\" style=\"\">\r\n                    <i class=\"\" aria-hidden=\"true\" style=\"\"><\/i>\r\n            <\/div>\r\n    <div class=\"media-body\">\r\n        <h3 class=\"media-heading\" style=\"\"><a href=\"https:\/\/centroalpe.es\/wp-content\/uploads\/2025\/04\/centro-alpe-impreso-socios-domiciliacion-.pdf\">Impreso Socios<\/a><\/h3>\r\n                    <p class=\"mb0\" style=\"\"><\/p>\r\n            <\/div>\r\n    <div class=\"clear\"><\/div>\r\n<\/div><\/div><\/div><\/div><\/div>","protected":false},"excerpt":{"rendered":"Seg\u00fan el art\u00edculo 6 de nuestros estatutos se ha de solicitar el ingreso por escrito y el \u00f3rgano de representaci\u00f3n decidir\u00e1 en la primera reuni\u00f3n que celebre.\u00a0 Adjuntamos impreso para rellenar.\u00a0 Si se desea domiciliar el pago se deber\u00e1 rellenar por duplicado y entregar una copia al banco. La cuota m\u00ednima es de 12 euros [...]","protected":false},"author":2,"featured_media":0,"parent":0,"menu_order":0,"comment_status":"closed","ping_status":"closed","template":"","meta":{"footnotes":""},"class_list":["post-2230","page","type-page","status-publish","hentry"],"_links":{"self":[{"href":"https:\/\/centroalpe.es\/va\/wp-json\/wp\/v2\/pages\/2230","targetHints":{"allow":["GET"]}}],"collection":[{"href":"https:\/\/centroalpe.es\/va\/wp-json\/wp\/v2\/pages"}],"about":[{"href":"https:\/\/centroalpe.es\/va\/wp-json\/wp\/v2\/types\/page"}],"author":[{"embeddable":true,"href":"https:\/\/centroalpe.es\/va\/wp-json\/wp\/v2\/users\/2"}],"replies":[{"embeddable":true,"href":"https:\/\/centroalpe.es\/va\/wp-json\/wp\/v2\/comments?post=2230"}],"version-history":[{"count":5,"href":"https:\/\/centroalpe.es\/va\/wp-json\/wp\/v2\/pages\/2230\/revisions"}],"predecessor-version":[{"id":4522,"href":"https:\/\/centroalpe.es\/va\/wp-json\/wp\/v2\/pages\/2230\/revisions\/4522"}],"wp:attachment":[{"href":"https:\/\/centroalpe.es\/va\/wp-json\/wp\/v2\/media?parent=2230"}],"curies":[{"name":"wp","href":"https:\/\/api.w.org\/{rel}","templated":true}]}}