{"id":2203,"date":"2019-04-01T15:16:25","date_gmt":"2019-04-01T15:16:25","guid":{"rendered":"http:\/\/centroalpe.es\/?page_id=2203"},"modified":"2025-02-11T18:11:24","modified_gmt":"2025-02-11T17:11:24","slug":"datos-de-la-asociacion","status":"publish","type":"page","link":"https:\/\/centroalpe.es\/va\/datos-de-la-asociacion\/","title":{"rendered":"Datos de la Asociaci\u00f3n"},"content":{"rendered":"<div class=\"vc_row wpb_row vc_row-fluid\"><div class=\"wpb_column vc_column_container vc_col-sm-12\"><div class=\"vc_column-inner\"><div class=\"wpb_wrapper\">\r\n\t<div class=\"wpb_text_column wpb_content_element\" >\r\n\t\t<div class=\"wpb_wrapper\">\r\n\t\t\t<h2 align=\"justify\">Asociaci\u00f3n Comarcal para la Rehabilitaci\u00f3n del Discapacitado<\/h2>\n<p class=\"Estilo41\" align=\"justify\">La Asociaci\u00f3n Comarcal para la Rehabilitaci\u00f3n del Discapacitado ALPE con CIF G-03106747 se constituy\u00f3 el 06 de marzo de 1982. El \u00e1mbito es Comarcal y el sector de intervenci\u00f3n \u201cAtenci\u00f3n a personas con discapacidad\u201d, como indica nuestra denominaci\u00f3n. En cuanto a legislaci\u00f3n es de aplicaci\u00f3n:<\/p>\n<ul class=\"Estilo41\" type=\"disc\">\n<li>\n<p align=\"justify\">La Constituci\u00f3n Espa\u00f1ola.<\/p>\n<\/li>\n<li>\n<p align=\"justify\">\u00a0la Ley Organica 1\/2002 de 22 de marzo reguladora del derecho de asociaci\u00f3n.<\/p>\n<\/li>\n<li>\n<p align=\"justify\">Ley 11\/2003 de 10 de abril de la Generalitat \u201cEstatuto de las personas con discapacidad\u201d, Ley 38\/2003 de 17 noviembre \u201cGeneral de Subvenciones\u201d.<\/p>\n<\/li>\n<li>\n<p align=\"justify\">\u00a0Real Decreto 887\/2006, 21 julio, se aprueba el Reglamento de la Ley 38\/2003, 17 noviembre, General de Subvenciones.<\/p>\n<\/li>\n<li>\n<p align=\"justify\">Decreto 91\/2002, 30 mayo, Gobierno Valenciano, sobre Registro de los Titulares de actividades de Acci\u00f3n Social y de Registro y Autorizaci\u00f3n de Funcionamiento de los Servicios y Centros de Acci\u00f3n Social en la C.V.<\/p>\n<\/li>\n<li>\n<p align=\"justify\">Ley 4\/2001, 19 junio, del Voluntariado;<\/p>\n<\/li>\n<li>\n<p align=\"justify\">Decreto 40\/2009, 13 marzo, Consell, por el que se aprueba el Reglamento que desarrolla la Ley 4\/2001, 19 junio, del Voluntariado.<\/p>\n<\/li>\n<li>\n<p align=\"justify\">Ley Org\u00e1nica 2\/2006, de 3 de mayo, de Educaci\u00f3n (LOE).<\/p>\n<\/li>\n<li>\n<p align=\"justify\">RESOLUCI\u00d3N de 21 de julio de 2014, de las direcciones generales de Innovaci\u00f3n, Ordenaci\u00f3n y Pol\u00edtica Ling\u00fc\u00edstica y de Centros y Personal Docente, por la que se aprueban instrucciones para el curso 2014-2015 en materia de organizaci\u00f3n y funcionamiento de los centros de educaci\u00f3n especial de titularidad de la Generalitat de la Comunitat Valenciana<em>.<\/em><\/p>\n<\/li>\n<\/ul>\n<hr \/>\n<p>Y dem\u00e1s disposiciones legales en cuyo \u00e1mbito nos encontramos:<\/p>\n<p class=\"Estilo40\" align=\"justify\"><strong>REGISTROS:<\/strong><\/p>\n<p class=\"Estilo40\" align=\"justify\">Registro Nacional de Asociaciones secci\u00f3n 1\u00aa\u00a0 con el n\u00famero 45541.<br \/>\nRegistro Auton\u00f3mico de Asociaciones con el n\u00famero 1351.<br \/>\nRegistro Municipal de Asociaciones con el n\u00famero 66.<br \/>\nRegistro de Titulares de Acci\u00f3n Social con el n\u00famero 111.<br \/>\nRegistro Auton\u00f3mico de Asociaciones como Entidad de voluntariado en la secci\u00f3n 4\u00aa con el CV-04-051406-A<br \/>\nAutorizaci\u00f3n y Concierto del Colegio de Educaci\u00f3n Especial ALPE desde el a\u00f1o 1994.DOGV 2336 DE 01.09.1994. Posteriormente cada cuatro a\u00f1os hemos renovado concierto con la Conseller\u00eda de Educaci\u00f3n. En la actualidad contamos con 5 aulas concertadas Resoluci\u00f3n 31 de julio de 2013 DOGV n\u00ba 7082 de 05\/08\/2013 y anexo\u00a0 publicado en el DOGV n\u00ba 7333 de 06\/08\/2014.<br \/>\nEl <a href=\"http:\/\/centroalpe.es\/va\/centro-ocupacional\/\">Centro ocupacional<\/a> est\u00e1 Registrado y autorizado desde 1994 con n\u00famero de Centro 587, por lo que es un Recurso de Inter\u00e9s Social.<\/p>\n<p class=\"Estilo40\" align=\"justify\"><strong>FINES:<\/strong><\/p>\n<p class=\"Estilo40\" align=\"justify\">El art\u00edculo 4 de nuestros estatutos los define:<br \/>\n\u201cLa existencia de esta asociaci\u00f3n tiene como fines:<\/p>\n<ul>\n<li>La creaci\u00f3n de Centros e Instalaciones para el desarrollo de la <a href=\"http:\/\/centroalpe.es\/va\/centro-educacion-especial\/\">Educaci\u00f3n Especial<\/a> y la <a href=\"http:\/\/centroalpe.es\/va\/centro-ocupacional\/\">Terapia Ocupacional<\/a>, donde se atender\u00e1 a discapacitados ps\u00edquicos y f\u00edsicos.<\/li>\n<li>Promover y coordinar el voluntariado desde postulados flexibles que permitan unas reglas b\u00e1sicas para el desarrollo de su acci\u00f3n en campos de la salud, educaci\u00f3n, deporte, la defensa del medio ambiente, la conservaci\u00f3n del patrimonio, la atenci\u00f3n social, la dinamizaci\u00f3n cultural y ciudadana o la cooperaci\u00f3n al desarrollo.\u00a0 Y disponer de los recursos y medios para posibilitar su ejercicio efectivo y promoci\u00f3n de la sociedad civil, evitando establecer trabas que coarten el desarrollo de su autonom\u00eda y capacidad de iniciativa.<\/li>\n<\/ul>\n<p class=\"Estilo40\" align=\"justify\">Todo ello acogi\u00e9ndose a la Ley 4\/2001, de 19 de junio, del Voluntariado de la Comunidad Valenciana, adjunt\u00e1ndose al presente los Estatutos del Voluntariado.\u201d<\/p>\n\r\n\t\t<\/div>\r\n\t<\/div>\r\n<\/div><\/div><\/div><\/div><div class=\"vc_row wpb_row vc_row-fluid vc_custom_1554133483296\"><div class=\"wpb_column vc_column_container vc_col-sm-12\"><div class=\"vc_column-inner\"><div class=\"wpb_wrapper\"><div class=\"vc_separator wpb_content_element vc_separator_align_center vc_sep_width_100 vc_sep_pos_align_center vc_separator_no_text vc_sep_color_grey\" ><span class=\"vc_sep_holder vc_sep_holder_l\"><span  class=\"vc_sep_line\"><\/span><\/span><span class=\"vc_sep_holder vc_sep_holder_r\"><span  class=\"vc_sep_line\"><\/span><\/span>\r\n<\/div><\/div><\/div><\/div><\/div><div class=\"vc_row wpb_row vc_row-fluid\"><div class=\"wpb_column vc_column_container vc_col-sm-4\"><div class=\"vc_column-inner\"><div class=\"wpb_wrapper\"><div class=\"media rt-info-box  layout4 hvr-bounce-to-right\" style=\"\">\r\n    <div class=\"rtin-icon rounded\" style=\"\">\r\n                    <i class=\"fas fa-calculator\" aria-hidden=\"true\" style=\"\"><\/i>\r\n            <\/div>\r\n    <div class=\"media-body\">\r\n        <h3 class=\"media-heading\" style=\"\"><a href=\"https:\/\/centroalpe.es\/wp-content\/uploads\/2024\/05\/PERDIDAS-Y-GANANCIAS-2023-ALPE.pdf\">P\u00e9rdidas y ganancias<\/a><\/h3>\r\n            <\/div>\r\n    <div class=\"clear\"><\/div>\r\n<\/div><\/div><\/div><\/div><div class=\"wpb_column vc_column_container vc_col-sm-4\"><div class=\"vc_column-inner\"><div class=\"wpb_wrapper\"><div class=\"media rt-info-box  layout4 hvr-bounce-to-right\" style=\"\">\r\n    <div class=\"rtin-icon rounded\" style=\"\">\r\n                    <i class=\"fas fa-edit\" aria-hidden=\"true\" style=\"\"><\/i>\r\n            <\/div>\r\n    <div class=\"media-body\">\r\n        <h3 class=\"media-heading\" style=\"\"><a href=\"https:\/\/centroalpe.es\/wp-content\/uploads\/2024\/05\/ESTATUTOS-REHABILITACION-1351_firmado.pdf\">Estatutos<\/a><\/h3>\r\n            <\/div>\r\n    <div class=\"clear\"><\/div>\r\n<\/div><\/div><\/div><\/div><div class=\"wpb_column vc_column_container vc_col-sm-4\"><div class=\"vc_column-inner\"><div class=\"wpb_wrapper\"><div class=\"media rt-info-box  layout4 hvr-bounce-to-right\" style=\"\">\r\n    <div class=\"rtin-icon rounded\" style=\"\">\r\n                    <i class=\"fas fa-users\" aria-hidden=\"true\" style=\"\"><\/i>\r\n            <\/div>\r\n    <div class=\"media-body\">\r\n        <h3 class=\"media-heading\" style=\"\"><a href=\"https:\/\/centroalpe.es\/wp-content\/uploads\/2024\/06\/ESTATUTOS_CV-04-051406-A_firmado.pdf\">Estatutos voluntariado<\/a><\/h3>\r\n            <\/div>\r\n    <div class=\"clear\"><\/div>\r\n<\/div><\/div><\/div><\/div><\/div><div class=\"vc_row wpb_row vc_row-fluid\"><div class=\"wpb_column vc_column_container vc_col-sm-4\"><div class=\"vc_column-inner\"><div class=\"wpb_wrapper\"><div class=\"media rt-info-box  layout4 hvr-bounce-to-right\" style=\"\">\r\n    <div class=\"rtin-icon rounded\" style=\"\">\r\n                    <i class=\"fas fa-handshake\" aria-hidden=\"true\" style=\"\"><\/i>\r\n            <\/div>\r\n    <div class=\"media-body\">\r\n        <h3 class=\"media-heading\" style=\"\"><a href=\"https:\/\/centroalpe.es\/wp-content\/uploads\/2023\/12\/PLAN-DE-IGUALDAD-ALPE.pdf\">Plan de Igualdad<\/a><\/h3>\r\n            <\/div>\r\n    <div class=\"clear\"><\/div>\r\n<\/div><\/div><\/div><\/div><div class=\"wpb_column vc_column_container vc_col-sm-4\"><div class=\"vc_column-inner\"><div class=\"wpb_wrapper\"><\/div><\/div><\/div><div class=\"wpb_column vc_column_container vc_col-sm-4\"><div class=\"vc_column-inner\"><div class=\"wpb_wrapper\"><\/div><\/div><\/div><\/div><div class=\"vc_row wpb_row vc_row-fluid vc_custom_1554566659979\"><div class=\"wpb_column vc_column_container vc_col-sm-12\"><div class=\"vc_column-inner\"><div class=\"wpb_wrapper\"><div class=\"vc_separator wpb_content_element vc_separator_align_center vc_sep_width_100 vc_sep_pos_align_center vc_separator_no_text vc_sep_color_grey\" ><span class=\"vc_sep_holder vc_sep_holder_l\"><span  class=\"vc_sep_line\"><\/span><\/span><span class=\"vc_sep_holder vc_sep_holder_r\"><span  class=\"vc_sep_line\"><\/span><\/span>\r\n<\/div><\/div><\/div><\/div><\/div><div class=\"vc_row wpb_row vc_row-fluid\"><div class=\"wpb_column vc_column_container vc_col-sm-4\"><div class=\"vc_column-inner\"><div class=\"wpb_wrapper\"><div class=\"media rt-info-box  layout4 hvr-bounce-to-right\" style=\"\">\r\n    <div class=\"rtin-icon rounded\" style=\"\">\r\n                    <i class=\"fa fa-info-circle\" aria-hidden=\"true\" style=\"\"><\/i>\r\n            <\/div>\r\n    <div class=\"media-body\">\r\n        <h3 class=\"media-heading\" style=\"\"><a href=\"http:\/\/centroalpe.es\/va\/datos-de-la-asociacion\/\">Datos asociaci\u00f3n<\/a><\/h3>\r\n            <\/div>\r\n    <div class=\"clear\"><\/div>\r\n<\/div><\/div><\/div><\/div><div class=\"wpb_column vc_column_container vc_col-sm-4\"><div class=\"vc_column-inner\"><div class=\"wpb_wrapper\"><div class=\"media rt-info-box  layout4 hvr-bounce-to-right\" style=\"\">\r\n    <div class=\"rtin-icon rounded\" style=\"\">\r\n                    <i class=\"fa fa-users\" aria-hidden=\"true\" style=\"\"><\/i>\r\n            <\/div>\r\n    <div class=\"media-body\">\r\n        <h3 class=\"media-heading\" style=\"\"><a href=\"http:\/\/centroalpe.es\/va\/como-asociarse\/\">C\u00f3mo asociarse<\/a><\/h3>\r\n            <\/div>\r\n    <div class=\"clear\"><\/div>\r\n<\/div><\/div><\/div><\/div><div class=\"wpb_column vc_column_container vc_col-sm-4\"><div class=\"vc_column-inner\"><div class=\"wpb_wrapper\"><div class=\"media rt-info-box  layout4 hvr-bounce-to-right\" style=\"\">\r\n    <div class=\"rtin-icon rounded\" style=\"\">\r\n                    <i class=\"fa fa-info-circle\" aria-hidden=\"true\" style=\"\"><\/i>\r\n            <\/div>\r\n    <div class=\"media-body\">\r\n        <h3 class=\"media-heading\" style=\"\"><a href=\"http:\/\/centroalpe.es\/va\/organigrama\/\">Organigrama<\/a><\/h3>\r\n            <\/div>\r\n    <div class=\"clear\"><\/div>\r\n<\/div><\/div><\/div><\/div><\/div>","protected":false},"excerpt":{"rendered":"Asociaci\u00f3n Comarcal para la Rehabilitaci\u00f3n del Discapacitado La Asociaci\u00f3n Comarcal para la Rehabilitaci\u00f3n del Discapacitado ALPE con CIF G-03106747 se constituy\u00f3 el 06 de marzo de 1982. El \u00e1mbito es Comarcal y el sector de intervenci\u00f3n \u201cAtenci\u00f3n a personas con discapacidad\u201d, como indica nuestra denominaci\u00f3n. En cuanto a legislaci\u00f3n es de aplicaci\u00f3n: La Constituci\u00f3n Espa\u00f1ola. [...]","protected":false},"author":2,"featured_media":0,"parent":0,"menu_order":0,"comment_status":"closed","ping_status":"closed","template":"","meta":{"footnotes":""},"class_list":["post-2203","page","type-page","status-publish","hentry"],"_links":{"self":[{"href":"https:\/\/centroalpe.es\/va\/wp-json\/wp\/v2\/pages\/2203","targetHints":{"allow":["GET"]}}],"collection":[{"href":"https:\/\/centroalpe.es\/va\/wp-json\/wp\/v2\/pages"}],"about":[{"href":"https:\/\/centroalpe.es\/va\/wp-json\/wp\/v2\/types\/page"}],"author":[{"embeddable":true,"href":"https:\/\/centroalpe.es\/va\/wp-json\/wp\/v2\/users\/2"}],"replies":[{"embeddable":true,"href":"https:\/\/centroalpe.es\/va\/wp-json\/wp\/v2\/comments?post=2203"}],"version-history":[{"count":47,"href":"https:\/\/centroalpe.es\/va\/wp-json\/wp\/v2\/pages\/2203\/revisions"}],"predecessor-version":[{"id":4467,"href":"https:\/\/centroalpe.es\/va\/wp-json\/wp\/v2\/pages\/2203\/revisions\/4467"}],"wp:attachment":[{"href":"https:\/\/centroalpe.es\/va\/wp-json\/wp\/v2\/media?parent=2203"}],"curies":[{"name":"wp","href":"https:\/\/api.w.org\/{rel}","templated":true}]}}