{"id":1926,"date":"2019-01-09T15:59:19","date_gmt":"2019-01-09T15:59:19","guid":{"rendered":"http:\/\/centroalpe.es\/?page_id=1926"},"modified":"2019-09-23T17:18:50","modified_gmt":"2019-09-23T17:18:50","slug":"financiacion","status":"publish","type":"page","link":"https:\/\/centroalpe.es\/va\/financiacion\/","title":{"rendered":"Financiaci\u00f3n"},"content":{"rendered":"<h1 class=\"entry-title\">Financiaci\u00f3n<\/h1>\n<p><span style=\"font-weight: 400;\">El <\/span><b>Colegio de Educaci\u00f3n Especial<\/b><span style=\"font-weight: 400;\"> es un Centro Concertado con la Conseller\u00eda de Educaci\u00f3n, Investigaci\u00f3n, Cultura y Deporte.<\/span><\/p>\n<p><span style=\"font-weight: 400;\">\u00a0Concierto suscrito para el C.C.E.E. ALPE Cod. 03013807.<\/span><\/p>\n<p><span style=\"font-weight: 400;\">El <strong>Centro Ocupacional<\/strong> forma parte desde 2018 de los Centros con Concierto Social con laConseller\u00eda de Igualdad y Pol\u00edticas Inclusivas.<\/span><\/p>","protected":false},"excerpt":{"rendered":"<p>Financiaci\u00f3n El Colegio de Educaci\u00f3n Especial es un Centro Concertado con la Conseller\u00eda de Educaci\u00f3n, Investigaci\u00f3n, Cultura y Deporte. \u00a0Concierto suscrito para el C.C.E.E. ALPE Cod. 03013807. El Centro Ocupacional forma parte desde 2018 de los Centros con Concierto Social con laConseller\u00eda de Igualdad y Pol\u00edticas Inclusivas.<\/p>","protected":false},"author":2,"featured_media":0,"parent":0,"menu_order":0,"comment_status":"closed","ping_status":"closed","template":"","meta":{"footnotes":""},"class_list":["post-1926","page","type-page","status-publish","hentry"],"_links":{"self":[{"href":"https:\/\/centroalpe.es\/va\/wp-json\/wp\/v2\/pages\/1926","targetHints":{"allow":["GET"]}}],"collection":[{"href":"https:\/\/centroalpe.es\/va\/wp-json\/wp\/v2\/pages"}],"about":[{"href":"https:\/\/centroalpe.es\/va\/wp-json\/wp\/v2\/types\/page"}],"author":[{"embeddable":true,"href":"https:\/\/centroalpe.es\/va\/wp-json\/wp\/v2\/users\/2"}],"replies":[{"embeddable":true,"href":"https:\/\/centroalpe.es\/va\/wp-json\/wp\/v2\/comments?post=1926"}],"version-history":[{"count":4,"href":"https:\/\/centroalpe.es\/va\/wp-json\/wp\/v2\/pages\/1926\/revisions"}],"predecessor-version":[{"id":2636,"href":"https:\/\/centroalpe.es\/va\/wp-json\/wp\/v2\/pages\/1926\/revisions\/2636"}],"wp:attachment":[{"href":"https:\/\/centroalpe.es\/va\/wp-json\/wp\/v2\/media?parent=1926"}],"curies":[{"name":"wp","href":"https:\/\/api.w.org\/{rel}","templated":true}]}}