{"id":1225,"date":"2017-11-15T11:15:19","date_gmt":"2017-11-15T11:15:19","guid":{"rendered":"http:\/\/centroalpe.es\/?page_id=1225"},"modified":"2026-03-05T10:52:50","modified_gmt":"2026-03-05T09:52:50","slug":"asociacion-comarcal-para-la-rehabilitacion-del-discapacitado","status":"publish","type":"page","link":"https:\/\/centroalpe.es\/va\/asociacion-comarcal-para-la-rehabilitacion-del-discapacitado\/","title":{"rendered":"Asociaci\u00f3n Comarcal para la Rehabilitaci\u00f3n del Discapacitado"},"content":{"rendered":"<div class=\"vc_row wpb_row vc_row-fluid vc_custom_1510748400939\"><div class=\"wpb_column vc_column_container vc_col-sm-12\"><div class=\"vc_column-inner\"><div class=\"wpb_wrapper\">\r\n\t<div class=\"wpb_text_column wpb_content_element\" >\r\n\t\t<div class=\"wpb_wrapper\">\r\n\t\t\t<h2 style=\"text-align: justify;\"><span style=\"color: #002147;\">Trayectoria<\/span><\/h2>\n<figure id=\"attachment_2488\" aria-describedby=\"caption-attachment-2488\" style=\"width: 500px\" class=\"wp-caption alignleft\"><img loading=\"lazy\" decoding=\"async\" class=\"wp-image-2488\" src=\"http:\/\/centroalpe.es\/wp-content\/uploads\/2019\/07\/centro-alpe-web.jpg\" alt=\"\" width=\"500\" height=\"292\" srcset=\"https:\/\/centroalpe.es\/wp-content\/uploads\/2019\/07\/centro-alpe-web.jpg 720w, https:\/\/centroalpe.es\/wp-content\/uploads\/2019\/07\/centro-alpe-web-300x175.jpg 300w\" sizes=\"auto, (max-width: 500px) 100vw, 500px\" \/><figcaption id=\"caption-attachment-2488\" class=\"wp-caption-text\">Asociaci\u00f3n Comarcal para la Rehabilitaci\u00f3n del Discapacitado.<\/figcaption><\/figure>\n<p style=\"text-align: justify;\" align=\"justify\"><span class=\"Estilo40\">La <strong>Asociaci\u00f3n Alpe<\/strong> fue creada en 1982, por un grupo de padres de ni\u00f1os con diversidad funcional de Torrevieja con la finalidad de poder contar con un lugar donde, tanto sus hijos, como cualquier ni\u00f1o que lo necesitase, pudiese recibir atenci\u00f3n de una forma adecuada.<\/span><\/p>\n<p class=\"Estilo40\" style=\"text-align: justify;\" align=\"justify\">Por ello se dirigieron al Ayuntamiento, el cual de inmediato le brind\u00f3 los locales de la antigua Escuela de Formaci\u00f3n Profesional, situado en la calle Apolo n\u00ba 58, all\u00ed se comenz\u00f3 a trabajar con 7 ni\u00f1os y 3 profesionales. A\u00f1o tras a\u00f1o, el local se fue acondicionando a las necesidades que requer\u00edan los all\u00ed asistidos. A pesar de todo esto y de los esfuerzos del Ayuntamiento, que ampliaron los espacios dedicados al colegio, era del todo insuficiente y no contaba con las caracter\u00edsticas necesarias para la correcta atenci\u00f3n de los ni\u00f1os. De ah\u00ed que los padres comenzaran una nueva lucha con un objetivo m\u00e1s ambicioso pero no por ello menos necesario: conseguir un terreno para la construcci\u00f3n de un Nuevo Centro.<\/p>\n<p class=\"Estilo41\" style=\"text-align: justify;\" align=\"justify\">Tras manifestar su necesidad en repetidas ocasiones, y contando con la ayuda de la gente del pueblo que se ha volcado desde siempre en ayudar a la causa de la Asociaci\u00f3n, es por fin el 18 de Mayo de 1989 cuando en el Pleno Municipal, y por unanimidad, se hizo la Cesi\u00f3n Oficial de 6710 m2, junto a Terrazos &#8220;El Pilar&#8221;, en la Carretera Nacional 332.<\/p>\n<p class=\"Estilo41\" style=\"text-align: justify;\" align=\"justify\">Una vez que ya se ten\u00eda el terreno, hab\u00eda que plantear un nuevo reto: la construcci\u00f3n del edificio, cuyo presupuesto era de cien millones de pesetas. El trabajo era mucho, y por todo ello se form\u00f3 una comisi\u00f3n de apoyo a Alpe, con el fin de conseguir ayudas de cualquier tipo (econ\u00f3mica, materiales, etc.). Esta comisi\u00f3n estaba formada por un grupo de personas que se hab\u00edan comprometido a hacer de esto una realidad, colaborando, cada cual en un apartado y procurando que las necesidades se fuesen cubriendo.<\/p>\n\r\n\t\t<\/div>\r\n\t<\/div>\r\n<div class=\"vc_separator wpb_content_element vc_separator_align_center vc_sep_width_100 vc_sep_pos_align_center vc_separator_no_text vc_sep_color_grey vc_custom_1547114984010  vc_custom_1547114984010\" ><span class=\"vc_sep_holder vc_sep_holder_l\"><span  class=\"vc_sep_line\"><\/span><\/span><span class=\"vc_sep_holder vc_sep_holder_r\"><span  class=\"vc_sep_line\"><\/span><\/span>\r\n<\/div>\r\n\t<div class=\"wpb_text_column wpb_content_element\" >\r\n\t\t<div class=\"wpb_wrapper\">\r\n\t\t\t<h2 style=\"text-align: justify;\"><span style=\"color: #002147;\">Estas personas eran:<\/span><\/h2>\n<ul style=\"text-align: justify;\">\n<li class=\"Estilo41\">Pedro A. Hern\u00e1ndez Mateo, Alcalde de Torrevieja.<\/li>\n<li class=\"Estilo41\">Francisco Gonz\u00e1lez Pareja, Presidente de la Asociaci\u00f3n ALPE.<\/li>\n<li class=\"Estilo41\">Fernando Trives, Arcipresidente de la Parroquia Inmaculada.<\/li>\n<li class=\"Estilo41\">Tom\u00e1s Mart\u00ednez Dom\u00e9nech, Empresario.<\/li>\n<li class=\"Estilo41\">Emilio G\u00f3mez Jover, aparejador municipal.<\/li>\n<li class=\"Estilo41\">Josefa Fructuoso, Vicepresidente de ALPE.<\/li>\n<li class=\"Estilo41\">Eduardo Elkouss, Arquitecto que est\u00e1 preparando el proyecto.<\/li>\n<li class=\"Estilo41\">Ram\u00f3n Espinosa, Bombero.<\/li>\n<li class=\"Estilo41\">Andr\u00e9s Llamazares, Bombero.<\/li>\n<li class=\"Estilo41\">Victor Aldeguer, Empresario.<\/li>\n<li class=\"Estilo41\">Mariano Maz\u00f3n Montesinos, Tesorero de la Asociaci\u00f3n ALPE.<\/li>\n<li class=\"Estilo41\">Antonio Ros Gallud, Secretario de la Asociaci\u00f3n ALPE.<\/li>\n<li class=\"Estilo41\">Maite Miralles Sala, Directora del Centro ALPE.<\/li>\n<\/ul>\n<p class=\"Estilo41\" style=\"text-align: justify;\" align=\"justify\">Tambi\u00e9n se abri\u00f3 una cuenta en la CAM y otra en el Banco Central, para que la gente ayudase en la medida de sus posibilidades.<\/p>\n<p class=\"Estilo41\" style=\"text-align: justify;\" align=\"justify\">Las nuevas instalaciones tendr\u00edan una capacidad para 50 chicos\/as.<\/p>\n<p class=\"Estilo41\" style=\"text-align: justify;\" align=\"justify\">Ya por fin, con ayuda de la ONCE que contribuy\u00f3 con una 1\/4 parte del presupuesto, el ayuntamiento de Torrevieja, y por supuesto la gente del pueblo, se comenz\u00f3 la construcci\u00f3n del edificio. Nos trasladamos al nuevo centro en septiembre de 1992, abriendo las puertas a ni\u00f1os de diferentes localidades de la Comarca con distintas discapacidades. Posteriormente y ante la demanda de plazas, se ampli\u00f3 un m\u00f3dulo anexo de 4 unidades, en el cual se comenz\u00f3 a trabajar con los ni\u00f1os es edad escolar. En la actualidad tenemos 43 atendidos en el C.O. y 6 unidades en el C.C.E.E.<\/p>\n<p class=\"Estilo41\" style=\"text-align: justify;\" align=\"justify\">El camino hasta llegar aqu\u00ed ha sido duro y dif\u00edcil, pero siempre hemos tenido la colaboraci\u00f3n de organismos oficiales y particulares que nos ayudan an la dif\u00edcil tarea de mantener lo que ya tenemos.<\/p>\n<p class=\"Estilo41\" style=\"text-align: justify;\" align=\"justify\">Sin querer olvidar nada ni a nadie, esta Asociaci\u00f3n agradece a todos su apoyo y aliento.<\/p>\n\r\n\t\t<\/div>\r\n\t<\/div>\r\n<\/div><\/div><\/div><\/div><div data-vc-full-width=\"true\" data-vc-full-width-init=\"false\" class=\"vc_row wpb_row vc_row-fluid vc_custom_1562150016461 vc_row-has-fill\"><div class=\"wpb_column vc_column_container vc_col-sm-3\"><div class=\"vc_column-inner\"><div class=\"wpb_wrapper\"><div class=\"rt-vc-counter vc_custom_1562149955993\" >\r\n\t<div class=\"rtin-left\">\r\n\t\t<div class=\"rtin-counter\" style=\"color:#ffffff;\"><span class=\"rtin-counter-num\" data-num=\"37\" data-rtspeed=\"5000\" data-rtsteps=\"10\">37<\/span><\/div>\r\n\t<\/div>\r\n\t<div class=\"rtin-right\">\r\n\t\t<div class=\"rtin-title\" style=\"color:#ffffff;\">A\u00d1OS<\/div>\r\n\t<\/div>\r\n\t<div class=\"clear\"><\/div>\r\n<\/div><\/div><\/div><\/div><div class=\"wpb_column vc_column_container vc_col-sm-3\"><div class=\"vc_column-inner\"><div class=\"wpb_wrapper\"><div class=\"rt-vc-counter vc_custom_1562150067309\" >\r\n\t<div class=\"rtin-left\">\r\n\t\t<div class=\"rtin-counter\" style=\"color:#ffffff;\"><span class=\"rtin-counter-num\" data-num=\"34\" data-rtspeed=\"5000\" data-rtsteps=\"10\">34<\/span><\/div>\r\n\t<\/div>\r\n\t<div class=\"rtin-right\">\r\n\t\t<div class=\"rtin-title\" style=\"color:#ffffff;\">PROFESIONALES<\/div>\r\n\t<\/div>\r\n\t<div class=\"clear\"><\/div>\r\n<\/div><\/div><\/div><\/div><div class=\"wpb_column vc_column_container vc_col-sm-3\"><div class=\"vc_column-inner\"><div class=\"wpb_wrapper\"><div class=\"rt-vc-counter vc_custom_1562150074493\" >\r\n\t<div class=\"rtin-left\">\r\n\t\t<div class=\"rtin-counter\" style=\"color:#ffffff;\"><span class=\"rtin-counter-num\" data-num=\"43\" data-rtspeed=\"5000\" data-rtsteps=\"10\">43<\/span><\/div>\r\n\t<\/div>\r\n\t<div class=\"rtin-right\">\r\n\t\t<div class=\"rtin-title\" style=\"color:#ffffff;\">USUARIOS<\/div>\r\n\t<\/div>\r\n\t<div class=\"clear\"><\/div>\r\n<\/div><\/div><\/div><\/div><div class=\"wpb_column vc_column_container vc_col-sm-3\"><div class=\"vc_column-inner\"><div class=\"wpb_wrapper\"><div class=\"rt-vc-counter vc_custom_1562150080548\" >\r\n\t<div class=\"rtin-left\">\r\n\t\t<div class=\"rtin-counter\" style=\"color:#ffffff;\"><span class=\"rtin-counter-num\" data-num=\"54\" data-rtspeed=\"5000\" data-rtsteps=\"10\">54<\/span><\/div>\r\n\t<\/div>\r\n\t<div class=\"rtin-right\">\r\n\t\t<div class=\"rtin-title\" style=\"color:#ffffff;\">ALUMNOS<\/div>\r\n\t<\/div>\r\n\t<div class=\"clear\"><\/div>\r\n<\/div><\/div><\/div><\/div><\/div><div class=\"vc_row-full-width vc_clearfix\"><\/div><div class=\"vc_row wpb_row vc_row-fluid\"><div class=\"wpb_column vc_column_container vc_col-sm-12\"><div class=\"vc_column-inner\"><div class=\"wpb_wrapper\"><div class=\"vc_empty_space\"   style=\"height: 32px\"><span class=\"vc_empty_space_inner\"><\/span><\/div><\/div><\/div><\/div><\/div><div class=\"vc_row wpb_row vc_row-fluid\"><div class=\"wpb_column vc_column_container vc_col-sm-4\"><div class=\"vc_column-inner\"><div class=\"wpb_wrapper\"><div class=\"media rt-info-box  layout4 hvr-bounce-to-right\" style=\"\">\r\n    <div class=\"rtin-icon rounded\" style=\"\">\r\n                    <i class=\"fa fa-info-circle\" aria-hidden=\"true\" style=\"\"><\/i>\r\n            <\/div>\r\n    <div class=\"media-body\">\r\n        <h3 class=\"media-heading\" style=\"\"><a href=\"http:\/\/centroalpe.es\/va\/datos-de-la-asociacion\/\">Datos asociaci\u00f3n<\/a><\/h3>\r\n            <\/div>\r\n    <div class=\"clear\"><\/div>\r\n<\/div><\/div><\/div><\/div><div class=\"wpb_column vc_column_container vc_col-sm-4\"><div class=\"vc_column-inner\"><div class=\"wpb_wrapper\"><div class=\"media rt-info-box  layout4 hvr-bounce-to-right\" style=\"\">\r\n    <div class=\"rtin-icon rounded\" style=\"\">\r\n                    <i class=\"fa fa-users\" aria-hidden=\"true\" style=\"\"><\/i>\r\n            <\/div>\r\n    <div class=\"media-body\">\r\n        <h3 class=\"media-heading\" style=\"\"><a href=\"http:\/\/centroalpe.es\/va\/como-asociarse\/\">C\u00f3mo asociarse<\/a><\/h3>\r\n            <\/div>\r\n    <div class=\"clear\"><\/div>\r\n<\/div><\/div><\/div><\/div><div class=\"wpb_column vc_column_container vc_col-sm-4\"><div class=\"vc_column-inner\"><div class=\"wpb_wrapper\"><div class=\"media rt-info-box  layout4 hvr-bounce-to-right\" style=\"\">\r\n    <div class=\"rtin-icon rounded\" style=\"\">\r\n                    <i class=\"fa fa-info-circle\" aria-hidden=\"true\" style=\"\"><\/i>\r\n            <\/div>\r\n    <div class=\"media-body\">\r\n        <h3 class=\"media-heading\" style=\"\"><a href=\"http:\/\/centroalpe.es\/va\/organigrama\/\">Organigrama<\/a><\/h3>\r\n            <\/div>\r\n    <div class=\"clear\"><\/div>\r\n<\/div><\/div><\/div><\/div><\/div>","protected":false},"excerpt":{"rendered":"Trayectoria Asociaci\u00f3n Comarcal para la Rehabilitaci\u00f3n del Discapacitado. La Asociaci\u00f3n Alpe fue creada en 1982, por un grupo de padres de ni\u00f1os con diversidad funcional de Torrevieja con la finalidad de poder contar con un lugar donde, tanto sus hijos, como cualquier ni\u00f1o que lo necesitase, pudiese recibir atenci\u00f3n de una forma adecuada. Por ello [...]","protected":false},"author":2,"featured_media":0,"parent":0,"menu_order":0,"comment_status":"closed","ping_status":"closed","template":"","meta":{"footnotes":""},"class_list":["post-1225","page","type-page","status-publish","hentry"],"_links":{"self":[{"href":"https:\/\/centroalpe.es\/va\/wp-json\/wp\/v2\/pages\/1225","targetHints":{"allow":["GET"]}}],"collection":[{"href":"https:\/\/centroalpe.es\/va\/wp-json\/wp\/v2\/pages"}],"about":[{"href":"https:\/\/centroalpe.es\/va\/wp-json\/wp\/v2\/types\/page"}],"author":[{"embeddable":true,"href":"https:\/\/centroalpe.es\/va\/wp-json\/wp\/v2\/users\/2"}],"replies":[{"embeddable":true,"href":"https:\/\/centroalpe.es\/va\/wp-json\/wp\/v2\/comments?post=1225"}],"version-history":[{"count":20,"href":"https:\/\/centroalpe.es\/va\/wp-json\/wp\/v2\/pages\/1225\/revisions"}],"predecessor-version":[{"id":2590,"href":"https:\/\/centroalpe.es\/va\/wp-json\/wp\/v2\/pages\/1225\/revisions\/2590"}],"wp:attachment":[{"href":"https:\/\/centroalpe.es\/va\/wp-json\/wp\/v2\/media?parent=1225"}],"curies":[{"name":"wp","href":"https:\/\/api.w.org\/{rel}","templated":true}]}}